{"id":112,"date":"2020-11-17T18:37:42","date_gmt":"2020-11-17T15:37:42","guid":{"rendered":"https:\/\/trcjm.com\/?page_id=112"},"modified":"2021-03-21T12:57:57","modified_gmt":"2021-03-21T09:57:57","slug":"yazarlara-notlar","status":"publish","type":"page","link":"https:\/\/trcjm.com\/tr\/yazarlara-notlar\/","title":{"rendered":"Yazarlara Notlar"},"content":{"rendered":"\n<p><em>TRC Journal of Medicine\u00a0<\/em>(TRCJM) dergisinde de\u011ferlendirme s\u00fcre\u00e7lerine al\u0131nacak \u00e7al\u0131\u015fmalarda temel baz\u0131 kriterler aranmaktad\u0131r.<\/p>\n\n\n\n<p><em>TRCJM\u2019y<\/em>e g\u00f6nderilecek \u00e7al\u0131\u015fmalar;<\/p>\n\n\n\n<ul class=\"wp-block-list\"><li>Acil t\u0131p, afet t\u0131bb\u0131 veya halk sa\u011fl\u0131\u011f\u0131 konular\u0131 ile ilgili nicel,&nbsp;nitel, tek denekli veya karma ara\u015ft\u0131rma deseni kullan\u0131larak haz\u0131rlanm\u0131\u015f olmal\u0131d\u0131r.<\/li><li>Acil t\u0131p, afet t\u0131bb\u0131 veya halk sa\u011fl\u0131\u011f\u0131 konular\u0131nda son d\u00f6nem&nbsp;alanyaz\u0131n\u0131 kapsaml\u0131 bi\u00e7imde de\u011ferlendiren literat\u00fcr analizi, meta analiz veya meta sentez \u00e7al\u0131\u015fmas\u0131 olmal\u0131d\u0131r.<\/li><li>Acil t\u0131p, afet t\u0131bb\u0131 veya halk sa\u011fl\u0131\u011f\u0131 konular\u0131nda pratik olarak uygulanabilecek model \u00f6nerileri sunmas\u0131na dikkat&nbsp;edilir veya benzeri \u00f6zg\u00fcn nitelikte yaz\u0131lar olmas\u0131 talep edilir.<\/li><\/ul>\n\n\n\n<p>Bu \u00e7er\u00e7evede\u00a0<em>TRCJM<\/em>, ileri ara\u015ft\u0131rma\/ istatistik\u00a0y\u00f6ntemleri ve teknikleri kullan\u0131lan g\u00fcncel \u00e7al\u0131\u015fmalara \u00f6ncelik tan\u0131maktad\u0131r. \u00c7al\u0131\u015fmalar\u0131n y\u00f6ntembilim a\u00e7\u0131s\u0131ndan yetkinlikleri kadar alana orijinal ve yeni katk\u0131 sunmalar\u0131 da temel yay\u0131mlanma kriteridir.<\/p>\n\n\n\n<p>Yay\u0131mlanmak \u00fczere g\u00f6nderilen \u00e7al\u0131\u015fmalar \u00f6ncelikle&nbsp;dergi y\u00f6neticisi ve ba\u015f edit\u00f6r taraf\u0131ndan ama\u00e7, konu, i\u00e7erik, sunu\u015f tarz\u0131 ve yaz\u0131m kurallar\u0131na uygunluk&nbsp;y\u00f6nlerinden incelenmektedir.&nbsp;Edit\u00f6ryal \u00f6n de\u011ferlendirmedeki genel e\u011filimler \u015fu \u015fekildedir:<\/p>\n\n\n\n<p><strong>Nicel Ara\u015ft\u0131rmalar<\/strong><\/p>\n\n\n\n<ul class=\"wp-block-list\"><li>Tek s\u00fcrekli de\u011fi\u015fken veya iki s\u00fcrekli de\u011fi\u015fken bar\u0131nd\u0131r\u0131p sadece veya a\u011f\u0131rl\u0131kl\u0131 olarak frekans, y\u00fczde, fark ve ili\u015fki istatistiklerine dayal\u0131 \u00e7al\u0131\u015fmalar, \u00e7al\u0131\u015fman\u0131n kapsam\u0131na g\u00f6re de\u011ferlendirilmektedir.<\/li><li>Tek s\u00fcrekli de\u011fi\u015fken veya iki s\u00fcrekli de\u011fi\u015fken bar\u0131nd\u0131r\u0131p tekli veya \u00e7oklu regresyon, yol (path) analizi, cluster analizi gibi ileri istatistikler kullan\u0131larak haz\u0131rlanan \u00e7al\u0131\u015fmalara \u00f6ncelik verilmektedir.<\/li><\/ul>\n\n\n\n<p><strong>\u00d6l\u00e7me Arac\u0131 Geli\u015ftiren \u00c7al\u0131\u015fmalar<\/strong><\/p>\n\n\n\n<ul class=\"wp-block-list\"><li>Sadece \u00f6l\u00e7me ara\u00e7lar\u0131 geli\u015ftirmeyi raporlayan \u00e7al\u0131\u015fmalar, geli\u015ftirilen \u00f6l\u00e7me arac\u0131n\u0131n otantikli\u011fi, kapsam\u0131, geli\u015ftirilen grubun niteli\u011fi, ge\u00e7erlik ve g\u00fcvenirlik i\u015flemlerinin yetkinli\u011fi vb. \u00f6l\u00e7\u00fctler dikkate al\u0131narak de\u011ferlendirilmektedir.<\/li><li>Geli\u015ftirilen \u00f6l\u00e7me arac\u0131n\u0131 bir ara\u015ft\u0131rmada kullanarak raporlayan \u00e7al\u0131\u015fmalara \u00f6ncelik verilmektedir.<\/li><\/ul>\n\n\n\n<p><strong>Deneysel Ara\u015ft\u0131rmalar<\/strong><\/p>\n\n\n\n<ul class=\"wp-block-list\"><li>Ara\u015ft\u0131rma verileri nitel verilerle desteklenmi\u015f deneysel ara\u015ft\u0131rmalara \u00f6ncelik verilmektedir.<\/li><\/ul>\n\n\n\n<p><strong>Nitel Ara\u015ft\u0131rmalar<\/strong><\/p>\n\n\n\n<ul class=\"wp-block-list\"><li>Nitel ara\u015ft\u0131rmalar i\u00e7in ara\u015ft\u0131rma s\u00fcrecinin&nbsp;ge\u00e7erlik ve&nbsp;g\u00fcvenirlik ko\u015fullar\u0131n\u0131n sa\u011flanm\u0131\u015f olmas\u0131na ve verilerin derinlemesine analiz edilmi\u015f olmas\u0131na \u00f6nem verilmektedir.<\/li><\/ul>\n\n\n\n<p><strong>Betimsel \u00c7al\u0131\u015fmalar<\/strong><\/p>\n\n\n\n<ul class=\"wp-block-list\"><li>Dergide&nbsp;acil t\u0131p, afet t\u0131bb\u0131 veya halk sa\u011fl\u0131\u011f\u0131 konular\u0131 ile ilgili temel sorunlar\u0131 ortaya koyan ve bunlara \u00e7\u00f6z\u00fcm \u00f6nerileri getiren analitik \u00e7al\u0131\u015fmalar\u0131n yay\u0131mlanmas\u0131 hedeflenmektedir. Di\u011fer taraftan bu kapsama giren \u00e7al\u0131\u015fmalar\u0131n kitap b\u00f6l\u00fcm\u00fc tarz\u0131nda olmamas\u0131 beklenmektedir.<\/li><\/ul>\n\n\n\n<p><strong>Karma (mixed) Desenli \u00c7al\u0131\u015fmalar<\/strong><\/p>\n\n\n\n<ul class=\"wp-block-list\"><li>Karma desenle haz\u0131rlanan \u00e7al\u0131\u015fmalar\u0131n yay\u0131mlanma oran\u0131 daha y\u00fcksektir. Bununla birlikte karma \u00e7al\u0131\u015fmalarda ni\u00e7in ve hangi karma metodolojinin kullan\u0131ld\u0131\u011f\u0131n\u0131n tekni\u011fi ile beraber a\u00e7\u0131klanmas\u0131 beklenmektedir. Karma&nbsp;desen kullan\u0131lan \u00e7al\u0131\u015fmalarda ara\u015ft\u0131rman\u0131n nicel ve nitel k\u0131s\u0131mlar\u0131 ayr\u0131 ayr\u0131 de\u011ferlendirilir. Nicel ve nitel k\u0131s\u0131mlar\u0131n ayr\u0131 ayr\u0131 yukar\u0131daki k\u0131staslar\u0131 kar\u015f\u0131lamas\u0131 beklenir.<\/li><\/ul>\n\n\n\n<p>Ayr\u0131ca;<\/p>\n\n\n\n<ul class=\"wp-block-list\"><li>Alanda \u00e7ok s\u0131k kullan\u0131lan \u00f6l\u00e7me ara\u00e7lar\u0131na dayal\u0131 \u00e7al\u0131\u015fmalar\u0131n ve olduk\u00e7a yo\u011fun bi\u00e7imde \u00e7al\u0131\u015f\u0131lm\u0131\u015f konularla ilgili ara\u015ft\u0131rmalar\u0131n yeni bir y\u00f6nelim ortaya koymalar\u0131 beklenmektedir.<\/li><li>Y\u00fcksek lisans ve doktora tezlerine dayal\u0131 \u00e7al\u0131\u015fmalarda tezin b\u00fct\u00fcn\u00fcn\u00fcn, tezde kullan\u0131lan b\u00fct\u00fcn verilerin raporlanmas\u0131, tezlerden dilimlenme yap\u0131lmamas\u0131 beklenmektedir.<\/li><li>B\u00fct\u00fcn ara\u015ft\u0131rma t\u00fcrleri i\u00e7in verilerin g\u00fcncelli\u011fine \u00f6nem verilmektedir. Ara\u015ft\u0131rma verilerinin toplanmas\u0131 \u00fczerinden 5 y\u0131l veya daha fazla s\u00fcre ge\u00e7mi\u015f ise ara\u015ft\u0131rmalar\u0131n g\u00fcncelli\u011fini kaybetti\u011fi y\u00f6n\u00fcnde g\u00f6r\u00fc\u015f bildirilmektedir.<\/li><\/ul>\n\n\n\n<p>De\u011ferlendirme S\u00fcre\u00e7leri<\/p>\n\n\n\n<ul class=\"wp-block-list\"><li>G\u00f6nderilen bir \u00e7al\u0131\u015fman\u0131n edit\u00f6ryal de\u011ferlendirmesi 40 g\u00fcn i\u00e7erisinde tamamlanmaktad\u0131r.<\/li><li>Hakem de\u011ferlendirme s\u00fcrecine al\u0131nan \u00e7al\u0131\u015fmalar alanda uzman iki hakeme g\u00f6nderilir.<\/li><li>E\u011fer hakemlerin raporlar\u0131nda \u00e7al\u0131\u015fma ile ilgili g\u00f6r\u00fc\u015f ayr\u0131l\u0131\u011f\u0131 s\u00f6z konusu olursa, \u00fc\u00e7\u00fcnc\u00fc bir hakemin g\u00f6r\u00fc\u015f\u00fcne ba\u015fvurulur.<\/li><li>Hakem de\u011ferlendirme s\u00fcreci, yakla\u015f\u0131k 4 ile 6 ay aras\u0131nda s\u00fcrmektedir. Bu s\u00fcre, ilgili alandaki hakemlerin i\u015f y\u00fck\u00fc nedeniyle uzayabilmektedir.<\/li><li>Hakem raporlar\u0131 gizlidir. Yazarlar \u00e7al\u0131\u015fmalar\u0131n\u0131 de\u011ferlendiren hakemlerin kim oldu\u011funu bilmemektedir. Hakemler de de\u011ferlendirdikleri \u00e7al\u0131\u015fman\u0131n yazar\u0131n\u0131\/ yazarlar\u0131n\u0131 bilmemektedir.<\/li><li>Yazar\/ yazarlar; hakemlerin, alan edit\u00f6r\u00fcn\u00fcn ve&nbsp;ba\u015f edit\u00f6r\u00fcn ele\u015ftirilerini, \u00f6nerilerini ve d\u00fczeltme taleplerini dikkate almak zorundad\u0131r. Yazar\/ yazarlar, ele\u015ftirilerden ve \u00f6nerilerden kat\u0131lmad\u0131\u011f\u0131 hususlar\u0131 gerek\u00e7eleriyle izah etmelidir.<\/li><\/ul>\n\n\n\n<p><em>TRCJM<\/em>\u2018de hakem de\u011ferlendirme s\u00fcre\u00e7lerinin detaylar\u0131 ve ilkeleri i\u00e7in\u00a0<a href=\"https:\/\/trcjm.com\/tr\/hakemlere-notlar\/\" data-type=\"page\" data-id=\"114\">Hakemlere Notlar<\/a>\u00a0b\u00f6l\u00fcm\u00fcne bak\u0131labilir.<\/p>\n\n\n\n<p>Hakem de\u011ferlendirme raporlar\u0131n\u0131n sonu\u00e7lar\u0131na dayal\u0131 olarak alan edit\u00f6r\u00fc ve ba\u015f edit\u00f6r;<\/p>\n\n\n\n<ul class=\"wp-block-list\"><li>\u00c7al\u0131\u015fman\u0131n kabul\u00fcne<\/li><li>\u00c7al\u0131\u015fman\u0131n hakem raporlar\u0131nda belirtilen hususlara g\u00f6re d\u00fczenlendikten sonra yeniden de\u011ferlendirmeye al\u0131nabilece\u011fine veya<\/li><li>\u00c7al\u0131\u015fman\u0131n reddine karar verir.<\/li><\/ul>\n\n\n\n<p>Yay\u0131ma kabul edilen \u00e7al\u0131\u015fmalar\u0131n s\u00fcre\u00e7leri a\u015fa\u011f\u0131da belirtilmi\u015ftir.<\/p>\n\n\n\n<ul class=\"wp-block-list\"><li>Yay\u0131ma kabul edilen bir \u00e7al\u0131\u015fman\u0131n neticesi ScholarOne Manuscript sistemi yoluyla yetkilendirilmi\u015f yazara bildirilir.<\/li><li>Yetkilendirilmi\u015f yazar\u0131n ilgili raporlara g\u00f6re d\u00fczenledi\u011fi \u00e7al\u0131\u015fma ba\u015f edit\u00f6r veya alan edit\u00f6r\u00fc taraf\u0131ndan incelenir. Onaylanan \u00e7al\u0131\u015fma tashih ve redaksiyon s\u00fcrecine al\u0131n\u0131r.<\/li><li>Yetkilendirilmi\u015f yazara \u00e7al\u0131\u015fmas\u0131yla ilgili tashih notlar\u0131 g\u00f6nderilir.<\/li><li>Tashih s\u00fcreci tamamlanan \u00e7al\u0131\u015fmalar tasar\u0131ma y\u00f6nlendirilir.<\/li><li>Mizanpaj\u0131 ve tasar\u0131m\u0131 tamamlanan \u00e7al\u0131\u015fmalar, yetkilendirilmi\u015f yazar taraf\u0131ndan son kez kontrol edilir.<\/li><li>Bu s\u00fcre\u00e7leri tamamlayan \u00e7al\u0131\u015fmalar \u00f6ncelikle DOI numaras\u0131 atanarak\u00a0<a href=\"https:\/\/trcjm.com\/tr\/onlinefirst-tr\/\">Erken G\u00f6r\u00fcn\u00fcm<\/a>\u00a0olarak yay\u0131mlan\u0131r.<\/li><li>OnlineFirst olarak yay\u0131mlanan makaleler yay\u0131m s\u00fcrecine al\u0131n\u0131r ve ilgili say\u0131da bas\u0131l\u0131r.<\/li><\/ul>\n\n\n\n<p>Edit\u00f6ryal \u00f6n de\u011ferlendirme sonucunda bir \u00e7al\u0131\u015fma, genel kriterleri veya yukar\u0131daki kriterleri kar\u015f\u0131lam\u0131yorsa, \u00e7al\u0131\u015fman\u0131n&nbsp;yetkilendirilmi\u015f yazar\u0131na gerek\u00e7esi ile birlikte, \u00e7al\u0131\u015fmas\u0131n\u0131n hakem de\u011ferlendirme s\u00fcrecine al\u0131namayaca\u011f\u0131 y\u00f6n\u00fcndeki karar bildirilmektedir.<\/p>\n\n\n\n<p><em>TRCJM<\/em>\u2018de\u00a0yay\u0131mlanan makalelerin;<\/p>\n\n\n\n<ul class=\"wp-block-list\"><li>Sorumlulu\u011fu&nbsp;yazar\u0131na\/yazarlar\u0131na aittir. Yay\u0131mlanan yaz\u0131lar, d\u00fc\u015f\u00fcnsel planda&nbsp;dergiyi veya T\u00fcrkiye K\u0131z\u0131lay Derne\u011fi\u2019ni ba\u011flamaz.<\/li><li>Yay\u0131mlanan yaz\u0131lar\u0131n&nbsp;<a rel=\"noreferrer noopener\" href=\"https:\/\/trcjm.com\/wp-content\/uploads\/2020\/12\/copyright_transfer_form_trcjm.pdf\" target=\"_blank\">yay\u0131m haklar\u0131<\/a>&nbsp;T\u00fcrkiye K\u0131z\u0131lay Derne\u011fi\u2019ne aittir.<\/li><\/ul>\n\n\n\n<p><\/p>\n","protected":false},"excerpt":{"rendered":"<p>TRC Journal of Medicine\u00a0(TRCJM) dergisinde de\u011ferlendirme s\u00fcre\u00e7lerine al\u0131nacak \u00e7al\u0131\u015fmalarda temel baz\u0131 kriterler aranmaktad\u0131r. TRCJM\u2019ye g\u00f6nderilecek \u00e7al\u0131\u015fmalar; Acil t\u0131p, afet t\u0131bb\u0131 veya halk sa\u011fl\u0131\u011f\u0131 konular\u0131 ile ilgili nicel,&nbsp;nitel, tek denekli veya karma ara\u015ft\u0131rma deseni kullan\u0131larak haz\u0131rlanm\u0131\u015f olmal\u0131d\u0131r. Acil t\u0131p, afet t\u0131bb\u0131 veya halk sa\u011fl\u0131\u011f\u0131 konular\u0131nda son d\u00f6nem&nbsp;alanyaz\u0131n\u0131 kapsaml\u0131 bi\u00e7imde de\u011ferlendiren literat\u00fcr analizi, meta analiz veya meta [&hellip;]<\/p>\n","protected":false},"author":1,"featured_media":0,"parent":0,"menu_order":0,"comment_status":"closed","ping_status":"closed","template":"","meta":{"_acf_changed":false,"footnotes":""},"class_list":["post-112","page","type-page","status-publish","hentry"],"acf":[],"_links":{"self":[{"href":"https:\/\/trcjm.com\/tr\/wp-json\/wp\/v2\/pages\/112","targetHints":{"allow":["GET"]}}],"collection":[{"href":"https:\/\/trcjm.com\/tr\/wp-json\/wp\/v2\/pages"}],"about":[{"href":"https:\/\/trcjm.com\/tr\/wp-json\/wp\/v2\/types\/page"}],"author":[{"embeddable":true,"href":"https:\/\/trcjm.com\/tr\/wp-json\/wp\/v2\/users\/1"}],"replies":[{"embeddable":true,"href":"https:\/\/trcjm.com\/tr\/wp-json\/wp\/v2\/comments?post=112"}],"version-history":[{"count":2,"href":"https:\/\/trcjm.com\/tr\/wp-json\/wp\/v2\/pages\/112\/revisions"}],"predecessor-version":[{"id":1170,"href":"https:\/\/trcjm.com\/tr\/wp-json\/wp\/v2\/pages\/112\/revisions\/1170"}],"wp:attachment":[{"href":"https:\/\/trcjm.com\/tr\/wp-json\/wp\/v2\/media?parent=112"}],"curies":[{"name":"wp","href":"https:\/\/api.w.org\/{rel}","templated":true}]}}