{"id":114,"date":"2020-11-17T18:38:28","date_gmt":"2020-11-17T15:38:28","guid":{"rendered":"https:\/\/trcjm.com\/?page_id=114"},"modified":"2021-03-21T12:52:41","modified_gmt":"2021-03-21T09:52:41","slug":"hakemlere-notlar","status":"publish","type":"page","link":"https:\/\/trcjm.com\/tr\/hakemlere-notlar\/","title":{"rendered":"Hakemlere Notlar"},"content":{"rendered":"\n<h2 class=\"wp-block-heading\">Dergi Hakk\u0131nda<\/h2>\n\n\n\n<ul class=\"wp-block-list\"><li><em>TRC Journal of Medicine<\/em>\u00a0(TRCJM) \u201cT\u00fcrkiye K\u0131z\u0131lay Derne\u011fi\u201d taraf\u0131ndan 2021 y\u0131l\u0131nda yay\u0131mlanmaya ba\u015flam\u0131\u015ft\u0131r.<\/li><li><em>TRCJM,\u00a0<\/em>y\u0131lda d\u00f6rt kez yay\u0131mlanan\u00a0uluslararas\u0131 ve hakemli bir dergidir.<\/li><li>Dergi, ba\u011f\u0131ms\u0131z bir\u00a0edit\u00f6r ekibi taraf\u0131ndan haz\u0131rlanmaktad\u0131r.<\/li><\/ul>\n\n\n\n<h3 class=\"wp-block-heading\">Yay\u0131mlanma \u0130lkeleri<\/h3>\n\n\n\n<p><em>TRCJM<\/em>\u2019de<em>\u00a0<\/em>\u00a0a\u015fa\u011f\u0131daki ilkelere uygun \u00e7al\u0131\u015fmalar yay\u0131mlan\u0131r:<\/p>\n\n\n\n<ul class=\"wp-block-list\"><li>Afet t\u0131bb\u0131, acil t\u0131p ve halk sa\u011fl\u0131\u011f\u0131 konular\u0131 ile ilgili nicel, nitel, tek denekli veya karma ara\u015ft\u0131rma deseni kullan\u0131larak haz\u0131rlanan \u00e7al\u0131\u015fmalar<\/li><li>Afet t\u0131bb\u0131, acil t\u0131p ve halk sa\u011fl\u0131\u011f\u0131 konular\u0131nda son d\u00f6nem alanyaz\u0131n\u0131 kapsaml\u0131 bi\u00e7imde de\u011ferlendiren literat\u00fcr analizi, meta analiz veya meta sentez \u00e7al\u0131\u015fmalar\u0131<\/li><li>Afet t\u0131bb\u0131, acil t\u0131p ve halk sa\u011fl\u0131\u011f\u0131 konular\u0131nda pratik olarak uygulanabilecek model \u00f6nerileri sunan \u00e7al\u0131\u015fmalar veya benzeri \u00f6zg\u00fcn nitelikteki yaz\u0131lar<\/li><\/ul>\n\n\n\n<h2 class=\"wp-block-heading\">G\u00f6nderilen Yaz\u0131lar\u0131n De\u011ferlendirme ve Yay\u0131m S\u00fcreci<\/h2>\n\n\n\n<h3 class=\"wp-block-heading\">Alan Edit\u00f6r\u00fc De\u011ferlendirmesi<\/h3>\n\n\n\n<ul class=\"wp-block-list\"><li>De\u011ferlendirilmek \u00fczere g\u00f6nderilen b\u00fct\u00fcn \u00e7al\u0131\u015fmalar \u00f6ncelikle&nbsp;ba\u015f edit\u00f6r sonra da alan edit\u00f6rleri taraf\u0131ndan ama\u00e7, konu, i\u00e7erik, sunu\u015f tarz\u0131 ve yaz\u0131m kurallar\u0131na uygunluk&nbsp;y\u00f6nlerinden incelenmektedir.<\/li><li>Hakemlere ancak \u00f6n de\u011ferlendirme kriterlerini kar\u015f\u0131layan \u00e7al\u0131\u015fmalar g\u00f6nderilmektedir.<\/li><li>Edit\u00f6rler,&nbsp;hakem de\u011ferlendirmesinden \u00f6nce bir \u00e7al\u0131\u015fmayla ilgili gerekli durumlarda uzman g\u00f6r\u00fc\u015f\u00fc (anonymous readers)&nbsp;alabilirler. Edit\u00f6rler, kararlar\u0131n\u0131 s\u00f6z konusu uzman g\u00f6r\u00fc\u015flerine dayal\u0131 olarak da verebilirler.<\/li><\/ul>\n\n\n\n<h2 class=\"wp-block-heading\">Edit\u00f6ryal \u00d6n De\u011ferlendirme Kriterleri<\/h2>\n\n\n\n<h3 class=\"wp-block-heading\">Nicel \u00c7al\u0131\u015fmalar<\/h3>\n\n\n\n<ul class=\"wp-block-list\"><li>Tek s\u00fcrekli de\u011fi\u015fken veya iki s\u00fcrekli de\u011fi\u015fken bar\u0131nd\u0131r\u0131p sadece veya a\u011f\u0131rl\u0131kl\u0131 olarak frekans, y\u00fczde, fark ve ili\u015fki istatistiklerine dayal\u0131 \u00e7al\u0131\u015fmalar, \u00e7al\u0131\u015fman\u0131n kapsam\u0131na g\u00f6re de\u011ferlendirilmektedir.<\/li><li>Tek s\u00fcrekli de\u011fi\u015fken veya iki s\u00fcrekli de\u011fi\u015fken bar\u0131nd\u0131r\u0131p tekli veya \u00e7oklu regresyon, yol (path) analizi, clustur analizi gibi ileri istatistikler kullan\u0131larak haz\u0131rlanan \u00e7al\u0131\u015fmalara \u00f6ncelik verilmektedir.<\/li><\/ul>\n\n\n\n<h3 class=\"wp-block-heading\">\u00d6l\u00e7me Arac\u0131 Geli\u015ftiren \u00c7al\u0131\u015fmalar<\/h3>\n\n\n\n<ul class=\"wp-block-list\"><li>Sadece \u00f6l\u00e7me ara\u00e7lar\u0131 geli\u015ftirmeyi raporlayan \u00e7al\u0131\u015fmalar; geli\u015ftirilen \u00f6l\u00e7me arac\u0131n\u0131n otantikli\u011fi, kapsam\u0131, geli\u015ftirilen grubun niteli\u011fi, ge\u00e7erlik ve g\u00fcvenirlik i\u015flemlerinin yetkinli\u011fi vb. \u00f6l\u00e7\u00fctler dikkate al\u0131narak de\u011ferlendirilmektedir.<\/li><li>Geli\u015ftirilen \u00f6l\u00e7me arac\u0131n\u0131 bir ara\u015ft\u0131rmada kullanarak raporlayan \u00e7al\u0131\u015fmalara \u00f6ncelik verilmektedir.<\/li><\/ul>\n\n\n\n<h3 class=\"wp-block-heading\">Deneysel \u00c7al\u0131\u015fmalar<\/h3>\n\n\n\n<ul class=\"wp-block-list\"><li>Ara\u015ft\u0131rma verileri nitel verilerle desteklenmi\u015f deneysel ara\u015ft\u0131rmalara \u00f6ncelik verilmektedir.<\/li><\/ul>\n\n\n\n<h3 class=\"wp-block-heading\">Nitel \u00c7al\u0131\u015fmalar<\/h3>\n\n\n\n<ul class=\"wp-block-list\"><li>Nitel ara\u015ft\u0131rmalar i\u00e7in ara\u015ft\u0131rma s\u00fcrecinin&nbsp;ge\u00e7erlik ve g\u00fcvenirlik ko\u015fullar\u0131n\u0131n sa\u011flanm\u0131\u015f olmas\u0131na ve verilerin derinlemesine analiz edilmi\u015f olmas\u0131na \u00f6nem verilmektedir.<\/li><\/ul>\n\n\n\n<h3 class=\"wp-block-heading\">Betimsel \u00c7al\u0131\u015fmalar<\/h3>\n\n\n\n<ul class=\"wp-block-list\"><li>Dergide&nbsp;afet t\u0131bb\u0131, acil t\u0131p ve halk sa\u011fl\u0131\u011f\u0131 ile ilgili temel sorunlar\u0131 ortaya koyan ve bunlara \u00e7\u00f6z\u00fcm \u00f6nerileri getiren analitik \u00e7al\u0131\u015fmalar\u0131n yay\u0131mlanmas\u0131 hedeflenmektedir. Di\u011fer taraftan bu kapsama giren \u00e7al\u0131\u015fmalar\u0131n kitap b\u00f6l\u00fcm\u00fc tarz\u0131nda olmamas\u0131 beklenmektedir.<\/li><\/ul>\n\n\n\n<h3 class=\"wp-block-heading\">Karma (mixed) Desenli \u00c7al\u0131\u015fmalar<\/h3>\n\n\n\n<ul class=\"wp-block-list\"><li>Karma&nbsp;desende haz\u0131rlanan \u00e7al\u0131\u015fmalar\u0131n yay\u0131mlanma oran\u0131 daha y\u00fcksektir. Bununla birlikte karma \u00e7al\u0131\u015fmalarda ni\u00e7in ve hangi karma metodolojinin kullan\u0131ld\u0131\u011f\u0131n\u0131n tekni\u011fi ile beraber a\u00e7\u0131klanmas\u0131 beklenmektedir. Karma desenli ara\u015ft\u0131rmalarda ara\u015ft\u0131rman\u0131n nicel ve nitel k\u0131s\u0131mlar\u0131 ayr\u0131 ayr\u0131 de\u011ferlendirilir. Nicel ve nitel k\u0131s\u0131mlar\u0131n ayr\u0131 ayr\u0131 yukar\u0131daki k\u0131staslar\u0131 kar\u015f\u0131lamas\u0131 beklenir.<\/li><\/ul>\n\n\n\n<h3 class=\"wp-block-heading\">Ayr\u0131ca;<\/h3>\n\n\n\n<ul class=\"wp-block-list\"><li>Alanda \u00e7ok s\u0131k kullan\u0131lan \u00f6l\u00e7me ara\u00e7lar\u0131na dayal\u0131 \u00e7al\u0131\u015fmalar\u0131n ve yo\u011fun bi\u00e7imde \u00e7al\u0131\u015f\u0131lm\u0131\u015f konularla ilgili ara\u015ft\u0131rmalar\u0131n yeni bir y\u00f6nelim ortaya koymalar\u0131 beklenmektedir.<\/li><li>Y\u00fcksek lisans ve doktora tezlerine dayal\u0131 \u00e7al\u0131\u015fmalarda tezin b\u00fct\u00fcn\u00fcn\u00fcn, tezde kullan\u0131lan b\u00fct\u00fcn verilerin raporlanmas\u0131, tezlerden dilimleme yap\u0131lmamas\u0131 beklenmektedir.<\/li><li>B\u00fct\u00fcn ara\u015ft\u0131rma t\u00fcrleri i\u00e7in verilerin g\u00fcncelli\u011fine \u00f6nem verilmektedir. Ara\u015ft\u0131rma verilerinin toplanmas\u0131 \u00fczerinden 5 y\u0131l veya daha fazla s\u00fcre ge\u00e7mi\u015f ise ara\u015ft\u0131rman\u0131n g\u00fcncelli\u011fini kaybetti\u011fi y\u00f6n\u00fcnde g\u00f6r\u00fc\u015f bildirilmektedir.<\/li><\/ul>\n\n\n\n<h3 class=\"wp-block-heading\">Hakem De\u011ferlendirme S\u00fcreci<\/h3>\n\n\n\n<ul class=\"wp-block-list\"><li>Ba\u015f edit\u00f6r&nbsp;ve alan Edit\u00f6r\u00fc \u00f6n de\u011ferlendirmesi tamamlanan \u00e7al\u0131\u015fmalar alandan iki hakeme g\u00f6nderilir. Hakem&nbsp;de\u011ferlendirmelerinde g\u00f6r\u00fc\u015f ayr\u0131l\u0131\u011f\u0131 s\u00f6z konusu olursa \u00fc\u00e7\u00fcnc\u00fc bir hakemin g\u00f6r\u00fc\u015f\u00fcne ba\u015fvurulur.<\/li><li>Hakemlerden gerek&nbsp;ScholarOne Manuscript sistemindeki de\u011ferlendirme formunda mevcut bulunan gerekse de bulunmayan hususlarda g\u00f6r\u00fc\u015flerini detayl\u0131, a\u00e7\u0131k ve bilimsel bir tarzda belirtmeleri beklenmektedir.<\/li><\/ul>\n\n\n\n<h3 class=\"wp-block-heading\">\u015eeffafl\u0131k<\/h3>\n\n\n\n<ul class=\"wp-block-list\"><li><em>TRCJM<\/em>\u2019de\u00a0yazar\u00a0ve edit\u00f6rler aras\u0131ndaki b\u00fct\u00fcn yaz\u0131\u015fmalar \u015feffaf bir \u015fekilde y\u00fcr\u00fct\u00fcl\u00fcr. Yaln\u0131z, edit\u00f6rler ile hakemler aras\u0131ndaki ileti\u015fim ve yaz\u0131\u015fmalar yazarlarla payla\u015f\u0131lmaz. Yazarlara g\u00f6nderilen raporlarda da hakemlerin isimleri hi\u00e7bir \u015fekilde yer almamaktad\u0131r.<\/li><li>Hakem, \u00e7al\u0131\u015fmayla ilgili etik sorunlar, veri b\u00fct\u00fcnl\u00fc\u011f\u00fc ve akademik \u00e7at\u0131\u015fma sorunlar\u0131 oldu\u011funu d\u00fc\u015f\u00fcn\u00fcyorsa bu hususlar\u0131\u00a0edit\u00f6rlerle mutlaka payla\u015f\u0131r\/ payla\u015fmal\u0131d\u0131r.<\/li><li>B\u00fct\u00fcnc\u00fcl ve tutarl\u0131 bir de\u011ferlendirme s\u00fcrecinin yan\u0131 s\u0131ra yazara akademik anlamda daha iyi katk\u0131 sa\u011flamak ad\u0131na edit\u00f6rler, hakemlerden birbirlerinin raporlar\u0131na \u00f6neride bulunmas\u0131n\u0131 isteyebilir. Bu durumda da hakemlerin isimleri birbirlerine bildirilmez.<\/li><\/ul>\n\n\n\n<h3 class=\"wp-block-heading\">Hakem Se\u00e7imi<\/h3>\n\n\n\n<ul class=\"wp-block-list\"><li>Hakem se\u00e7iminde pek \u00e7ok fakt\u00f6r rol oynamaktad\u0131r. Deneyim, \u00e7al\u0131\u015fma alan\u0131n\u0131n uygunlu\u011fu, hakemle ilgili&nbsp;edit\u00f6rlerin daha \u00f6nceki&nbsp;deneyimleri gibi unsurlar hakem se\u00e7imindeki en belirleyici etmenlerdir.<\/li><li>Yazar\/ yazarlar,&nbsp;\u00e7\u0131kar \u00e7at\u0131\u015fmas\u0131 gerek\u00e7esiyle baz\u0131 hakemlere \u00e7al\u0131\u015fmas\u0131n\u0131n g\u00f6nderilmemesini isteyebilir.<\/li><\/ul>\n\n\n\n<h3 class=\"wp-block-heading\">\u00c7al\u0131\u015fmay\u0131 Alan Hakem Ne Yapmal\u0131d\u0131r?<\/h3>\n\n\n\n<ul class=\"wp-block-list\"><li>Hakem; ilk olarak kendisine g\u00f6nderilen&nbsp;elektronik postay\u0131 kontrol etmeli,&nbsp;elektronik postada iletilen linke girerek ScholarOne Manuscript sistemine sorunsuz bir \u015fekilde&nbsp;eri\u015febildi\u011finden emin olmal\u0131d\u0131r.<\/li><li>Hakem, \u00e7al\u0131\u015fma i\u00e7in \u00f6ng\u00f6r\u00fclen de\u011ferlendirme s\u00fcresini ve \u00e7al\u0131\u015fman\u0131n konusunun kendisine uygunlu\u011funu g\u00f6z \u00f6n\u00fcnde bulundurarak elektronik posta ile kendisine iletilen hakemlik teklifini cevaplamal\u0131d\u0131r.<\/li><li>E\u011fer hakem \u00e7\u0131kar \u00e7at\u0131\u015fmas\u0131ndan dolay\u0131 (yazar, kurum, finans\u00f6r vs.) adil davranamayaca\u011f\u0131n\u0131 d\u00fc\u015f\u00fcn\u00fcrse \u00e7al\u0131\u015fmay\u0131 de\u011ferlendiremeyece\u011fini&nbsp;edit\u00f6rlere bildirmelidir.<\/li><li>Hakem kendisine iletilen edit\u00f6r&nbsp;mektubunu dikkatlice okumal\u0131d\u0131r. Zira edit\u00f6r\u00fcn hakemden \u00f6zel bir talebi s\u00f6z konusu olabilir (\u00e7al\u0131\u015fman\u0131n sadece y\u00f6ntem k\u0131sm\u0131n\u0131n de\u011ferlendirilmesini istemek gibi).<\/li><li>E\u011fer hakem \u00e7al\u0131\u015fmay\u0131 de\u011ferlendirirken bir ba\u015fkas\u0131ndan destek ald\u0131ysa bu ki\u015finin ismini de&nbsp;edit\u00f6re bildirmesi talep edilmektedir. Dergi edit\u00f6rl\u00fc\u011f\u00fc s\u00f6z konusu ki\u015finin isminin de hakem olarak yer almas\u0131n\u0131n etik olaca\u011f\u0131n\u0131 d\u00fc\u015f\u00fcnmektedir.<\/li><\/ul>\n\n\n\n<h3 class=\"wp-block-heading\">Rapor Yaz\u0131m\u0131<\/h3>\n\n\n\n<ul class=\"wp-block-list\"><li>Hakem, de\u011ferlendirmesini yaparlarken \u00f6zellikle \u015fu sorulara yo\u011funla\u015fmal\u0131d\u0131r;&nbsp;<ul><li>\u00c7al\u0131\u015fma, alandaki bilgi birikimine orijinal\/ \u00f6zg\u00fcn katk\u0131 sa\u011flamakta m\u0131d\u0131r?<\/li><li>\u00c7al\u0131\u015fma, bilimsel a\u00e7\u0131dan g\u00fcncel midir?<\/li><\/ul><\/li><li>Hakem de\u011ferlendirmelerinin ele\u015ftirel ve yans\u0131z olmas\u0131 beklenmektedir.<\/li><li>Hakemlerden sadece metin merkezli bir de\u011ferlendirme yapmalar\u0131,&nbsp;yazar\u0131n\/yazarlar\u0131n yetersizlikleri ile ilgili ifadelerden ka\u00e7\u0131nmalar\u0131 beklenmektedir.<\/li><li>Hakemden sadece de\u011ferlendirme formu \u00fczerindeki derecelendirmeleri i\u015faretlememesi, olumsuz g\u00f6r\u00fc\u015flerini detayland\u0131rmas\u0131, gerek\u00e7elerini belirtmesi beklenmektedir. \u00d6zellikle olumsuz g\u00f6r\u00fc\u015f bildiren hakem, de\u011ferlendirmeleriyle yazara \u00e7al\u0131\u015fmas\u0131n\u0131n zay\u0131f y\u00f6nlerini ve ret gerek\u00e7elerini sunmal\u0131d\u0131r.<\/li><li>Edit\u00f6r, hakem raporlar\u0131nda yer alan yaz\u0131m yanl\u0131\u015flar\u0131na,&nbsp;yazar\u0131\/yazarlar\u0131 yetersiz g\u00f6ren&nbsp;ifadelere, kaba yahut tahkir veya tezyif bar\u0131nd\u0131ran ibarelere ve bilgi hatalar\u0131na m\u00fcdahale etmektedir.<\/li><\/ul>\n\n\n\n<h3 class=\"wp-block-heading\">Zaman<\/h3>\n\n\n\n<ul class=\"wp-block-list\"><li>Bir \u00e7al\u0131\u015fman\u0131n de\u011ferlendirilebilmesi i\u00e7in hakemlere 30 g\u00fcnl\u00fck s\u00fcre verilmektedir.<\/li><li>E\u011fer hakem, \u00e7al\u0131\u015fmay\u0131 s\u00f6z konusu s\u00fcre i\u00e7inde de\u011ferlendiremeyecekse edit\u00f6rden ek s\u00fcre isteyebilir ya da edit\u00f6re s\u00fcre yetersizli\u011fi nedeniyle \u00e7al\u0131\u015fmay\u0131 de\u011ferlendiremeyece\u011fini bildirebilir. B\u00f6ylece yazar\u0131n s\u00fcre kayb\u0131na u\u011framas\u0131n\u0131n \u00f6n\u00fcne ge\u00e7ilebilir ve edit\u00f6re yeni hakem tayini i\u00e7in yeterli s\u00fcre sa\u011flanm\u0131\u015f olur.<\/li><\/ul>\n\n\n\n<h3 class=\"wp-block-heading\">\u00c7\u0131kar \u00c7at\u0131\u015fmas\u0131<\/h3>\n\n\n\n<ul class=\"wp-block-list\"><li>\u00c7\u0131kar \u00e7at\u0131\u015fmas\u0131 gerek\u00e7esiyle yazar belli ki\u015filerin hakem olmamas\u0131n\u0131 isteyebilir.<\/li><li>Ayr\u0131ca edit\u00f6r \u015fu durumlarda hakemlere de de\u011ferlendirme g\u00f6ndermemektedir:<ul><li>Yazar\u0131n\/ yazarlar\u0131n daha \u00f6nce ortak \u00e7al\u0131\u015fma yay\u0131mlad\u0131\u011f\u0131 hakemlere<\/li><li>Yazar\u0131n\/ yazarlar\u0131n \u00e7al\u0131\u015fmalar\u0131n\u0131n \u00f6n okumalar\u0131nda yard\u0131mc\u0131 olmu\u015f hakemlere<\/li><li>Yazar\u0131n\/ yazarlar\u0131n&nbsp;daha \u00f6nceden sorunu oldu\u011fu bilinen hakemlere<\/li><li>\u00c7al\u0131\u015fman\u0131n yay\u0131mlanmas\u0131ndan finansal fayda sa\u011flayacak hakemlere<\/li><li>Yazar ile ayn\u0131 kurumda \u00e7al\u0131\u015fan (\u00fcniversitelerde ayn\u0131&nbsp;b\u00f6l\u00fcmdeki) hakemlere.<\/li><\/ul><\/li><li>Edit\u00f6r\u00fcn bahsedilen b\u00fct\u00fcn unsurlar\u0131 bilmesinin m\u00fcmk\u00fcn olmamas\u0131 sebebiyle hakemlerden adil bir de\u011ferlendirme yapmalar\u0131na engel olacak durumlar\u0131 edit\u00f6re bildirmeleri beklenmektedir.<\/li><\/ul>\n\n\n\n<h3 class=\"wp-block-heading\">Yay\u0131n Politikas\u0131 ve Etik Konular<\/h3>\n\n\n\n<ul class=\"wp-block-list\"><li>Edit\u00f6r bir \u00e7al\u0131\u015fmayla ilgili ne kadar gayret g\u00f6sterse de yay\u0131n politikas\u0131na ayk\u0131r\u0131l\u0131klar\u0131, etik sorunlar\u0131 fark edemeyebilir. Alan uzman\u0131 hakemlerin bu durumlarla kar\u015f\u0131la\u015ft\u0131klar\u0131nda edit\u00f6r\u00fc uyarmalar\u0131 olduk\u00e7a \u00f6nemlidir.<\/li><\/ul>\n\n\n\n<h3 class=\"wp-block-heading\">Hakemlere Geri Bildirim<\/h3>\n\n\n\n<ul class=\"wp-block-list\"><li>Yay\u0131mlanma karar\u0131 verilen bir \u00e7al\u0131\u015fman\u0131n nihai h\u00e2li, sadece \u00e7al\u0131\u015fmay\u0131 tekrar g\u00f6rmek isteyen hakeme g\u00f6nderilir.<\/li><li>Hakem bir \u00e7al\u0131\u015fma yay\u0131mland\u0131ktan sonra kendi g\u00f6r\u00fc\u015flerinin \u00e7al\u0131\u015fmada tamamen yans\u0131t\u0131lmad\u0131\u011f\u0131n\u0131 g\u00f6rebilir. Di\u011fer hakemlerin farkl\u0131 g\u00f6r\u00fc\u015fte bulunmalar\u0131, edit\u00f6r\u00fcn de bu g\u00f6r\u00fc\u015fleri dikkate alm\u0131\u015f olmas\u0131 m\u00fcmk\u00fcnd\u00fcr. Bu durumda \u00e7al\u0131\u015fmay\u0131 de\u011ferlendiren hakemin talebi do\u011frultusunda di\u011fer hakemlerin g\u00f6r\u00fc\u015fleri kendisine g\u00f6nderilebilir.<\/li><li>Hakemlerin \u00f6nerilerine g\u00f6re&nbsp;edit\u00f6r a\u015fa\u011f\u0131daki yollardan birini izler:<ul><li>K\u0131smi veya&nbsp;\u00f6nemli d\u00fczeyde de\u011fi\u015fiklik talebiyle \u00e7al\u0131\u015fmay\u0131 yay\u0131ma kabul edebilir.<\/li><li>Yazardan hakem g\u00f6r\u00fc\u015flerine uygun olarak \u00e7al\u0131\u015fmas\u0131n\u0131 d\u00fczenlemesini isteyip yeni bir de\u011ferlendirme s\u00fcreci ba\u015flatabilir.<\/li><li>\u00c7al\u0131\u015fmay\u0131 reddedebilir.<\/li><\/ul><\/li><li>Hakemler haz\u0131rlad\u0131klar\u0131 raporlarda, \u00e7al\u0131\u015fman\u0131n yay\u0131mlanmas\u0131 veya yay\u0131mlanmamas\u0131 durumuyla ilgili kesin bir kanaat bildirebilirler. Fakat&nbsp;edit\u00f6rler, \u00e7al\u0131\u015fmay\u0131 de\u011ferlendiren hakemlerin kar\u015f\u0131t g\u00f6r\u00fc\u015fleri \u00fczerinden bir karar&nbsp;vereceklerdir. Edit\u00f6rler bu hususta kabul veya ret veren hakemlerin say\u0131s\u0131na de\u011fil, hakemlerin veya yazarlar\u0131n tezlerinin g\u00fc\u00e7l\u00fcl\u00fc\u011f\u00fcne bakmaktad\u0131rlar. Edit\u00f6rler, de\u011ferlendirme formundaki sorular\u0131n evet, hay\u0131r \u015feklinde cevaplanm\u0131\u015f raporlardan ziyade g\u00fc\u00e7l\u00fc, gerek\u00e7eleri sunulmu\u015f \u00f6nerme i\u00e7eren raporlar\u0131 dikkate almaktad\u0131rlar.<\/li><\/ul>\n","protected":false},"excerpt":{"rendered":"<p>Dergi Hakk\u0131nda TRC Journal of Medicine\u00a0(TRCJM) \u201cT\u00fcrkiye K\u0131z\u0131lay Derne\u011fi\u201d taraf\u0131ndan 2021 y\u0131l\u0131nda yay\u0131mlanmaya ba\u015flam\u0131\u015ft\u0131r. TRCJM,\u00a0y\u0131lda d\u00f6rt kez yay\u0131mlanan\u00a0uluslararas\u0131 ve hakemli bir dergidir. Dergi, ba\u011f\u0131ms\u0131z bir\u00a0edit\u00f6r ekibi taraf\u0131ndan haz\u0131rlanmaktad\u0131r. Yay\u0131mlanma \u0130lkeleri TRCJM\u2019de\u00a0\u00a0a\u015fa\u011f\u0131daki ilkelere uygun \u00e7al\u0131\u015fmalar yay\u0131mlan\u0131r: Afet t\u0131bb\u0131, acil t\u0131p ve halk sa\u011fl\u0131\u011f\u0131 konular\u0131 ile ilgili nicel, nitel, tek denekli veya karma ara\u015ft\u0131rma deseni kullan\u0131larak haz\u0131rlanan [&hellip;]<\/p>\n","protected":false},"author":1,"featured_media":0,"parent":0,"menu_order":0,"comment_status":"closed","ping_status":"closed","template":"","meta":{"_acf_changed":false,"footnotes":""},"class_list":["post-114","page","type-page","status-publish","hentry"],"acf":[],"_links":{"self":[{"href":"https:\/\/trcjm.com\/tr\/wp-json\/wp\/v2\/pages\/114","targetHints":{"allow":["GET"]}}],"collection":[{"href":"https:\/\/trcjm.com\/tr\/wp-json\/wp\/v2\/pages"}],"about":[{"href":"https:\/\/trcjm.com\/tr\/wp-json\/wp\/v2\/types\/page"}],"author":[{"embeddable":true,"href":"https:\/\/trcjm.com\/tr\/wp-json\/wp\/v2\/users\/1"}],"replies":[{"embeddable":true,"href":"https:\/\/trcjm.com\/tr\/wp-json\/wp\/v2\/comments?post=114"}],"version-history":[{"count":3,"href":"https:\/\/trcjm.com\/tr\/wp-json\/wp\/v2\/pages\/114\/revisions"}],"predecessor-version":[{"id":1165,"href":"https:\/\/trcjm.com\/tr\/wp-json\/wp\/v2\/pages\/114\/revisions\/1165"}],"wp:attachment":[{"href":"https:\/\/trcjm.com\/tr\/wp-json\/wp\/v2\/media?parent=114"}],"curies":[{"name":"wp","href":"https:\/\/api.w.org\/{rel}","templated":true}]}}