{"id":116,"date":"2020-11-17T18:38:56","date_gmt":"2020-11-17T15:38:56","guid":{"rendered":"https:\/\/trcjm.com\/?page_id=116"},"modified":"2021-03-21T12:55:08","modified_gmt":"2021-03-21T09:55:08","slug":"online-basvuru-yonergesi","status":"publish","type":"page","link":"https:\/\/trcjm.com\/tr\/online-basvuru-yonergesi\/","title":{"rendered":"Online Ba\u015fvuru Y\u00f6nergesi"},"content":{"rendered":"\n<h2 class=\"wp-block-heading\">Genel<\/h2>\n\n\n\n<p><em>TRC Journal of Medicine<\/em>\u2018in (TRCJM) online ba\u015fvuru linki \u015f\u00f6yledir: <strong><a rel=\"noreferrer noopener\" href=\"https:\/\/mc04.manuscriptcentral.com\/trcjm\" target=\"_blank\">https:\/\/mc04.manuscriptcentral.com\/trcjm<\/a><\/strong><\/p>\n\n\n\n<p>\u00c7al\u0131\u015fman\u0131z\u0131 y\u00fcklemeden \u00f6nce ScholarOne Manuscript\u2019in&nbsp;<a rel=\"noreferrer noopener\" href=\"http:\/\/mchelp.manuscriptcentral.com\/gethelpnow\/training\/author\/\" target=\"_blank\">Kullan\u0131c\u0131 Y\u00f6nergesini<\/a>&nbsp;okuman\u0131z \u00f6nerilmektedir. Bu y\u00f6nergede sistemin temel \u00f6zellikleri ve ba\u015fvurular\u0131n nas\u0131l yap\u0131laca\u011f\u0131 a\u00e7\u0131klanmaktad\u0131r.<\/p>\n\n\n\n<p>Online ba\u015fvuru sayfas\u0131na eri\u015fmek i\u00e7in bir kullan\u0131c\u0131 ad\u0131na (user ID) ve \u015fifreye (password) ihtiyac\u0131n\u0131z vard\u0131r. Daha \u00f6nceden bir hesab\u0131n\u0131z\u0131n olup olmad\u0131\u011f\u0131n\u0131 hat\u0131rlam\u0131yorsan\u0131z ya da \u015fifrenizi unuttuysan\u0131z&nbsp;<strong>Password Help<\/strong>&nbsp;b\u00f6l\u00fcm\u00fcne elektronik posta adresinizi giriniz. Sistem, size gerekli bilgileri elektronik posta ile iletecektir. Bir hesab\u0131n\u0131z yoksa&nbsp;<strong>Create Account<\/strong>&nbsp;linkindeki y\u00f6nergeleri takip ederek yeni hesap olu\u015fturabilirsiniz.<\/p>\n\n\n\n<p>Hesab\u0131n\u0131zla ilgili bir sorun ya\u015f\u0131yorsan\u0131z yeni bir hesap olu\u015fturmay\u0131n\u0131z;<em>\u00a0<\/em><a href=\"mailto:admin@trcjm.com\"><em>TRCJM <\/em>Edit\u00f6r Ofisi<\/a>\u2019ne bu durumu iletiniz.<\/p>\n\n\n\n<p class=\"alert alert-secondary\"><strong>\u00d6nemli Not<\/strong><br>ScholarOne Manuscript&nbsp;yoluyla yap\u0131lan ba\u015fvurularda, \u00e7al\u0131\u015fman\u0131n yetkilendirilmi\u015f yazar\u0131n\u0131n (corresponding author) hesab\u0131 kullan\u0131lmal\u0131d\u0131r. Yetkilendirilmi\u015f yazar\u0131n d\u0131\u015f\u0131ndaki yazarlar\u0131n ya da \u00e7al\u0131\u015fmada yazar olarak yer almayan bir ba\u015fkas\u0131n\u0131n hesab\u0131 kullan\u0131lmamal\u0131d\u0131r.<\/p>\n\n\n\n<p>Ba\u015fvuru ile ilgili b\u00fct\u00fcn yaz\u0131\u015fmalar (al\u0131nd\u0131 iletisi, ba\u015fvuruya y\u00f6nelik edit\u00f6ryal kararlar vs.), elektronik posta yoluyla yetkilendirilmi\u015f yazara iletilmektedir.<\/p>\n\n\n\n<h2 class=\"wp-block-heading\">Online Ba\u015fvurudan \u00d6nce Dok\u00fcman Haz\u0131rlamak<\/h2>\n\n\n\n<p>\u00c7al\u0131\u015fman\u0131z\u0131, bir kelime i\u015flemci program\u0131nda tercihen Microsoft Word (.doc, .docx vb.) haz\u0131rlay\u0131n\u0131z. Y\u00fcklenen MS Word dok\u00fcman\u0131, ba\u015fvuru esnas\u0131nda sistem taraf\u0131ndan .pdf olarak kaydedilecektir.<\/p>\n\n\n\n<p><em>TRCJM <\/em>i\u00e7in yazarlar\u0131n ba\u015fvurular\u0131n\u0131 tek bir dok\u00fcman \u015feklinde (ba\u015fl\u0131k sayfas\u0131, \u00f6z, ana metin, resimler, tablolar, kaynak\u00e7a, ekler vs.) haz\u0131rlamalar\u0131 gerekmektedir.<\/p>\n\n\n\n<p>Dosyan\u0131zdaki unsurlar\u0131n \u00f6zellikle tablolar\u0131n ve resimlerin okunabilecek b\u00fcy\u00fckl\u00fckte ve yeterlikte olduklar\u0131ndan emin olunuz. MS Word dok\u00fcman\u0131nda okunmayan \u00f6geler, muhtemelen .pdf dok\u00fcman\u0131nda da okunmayacakt\u0131r. Belli dosya formatlar\u0131, .jpg ve .gif gibi y\u00fcksek \u00e7\u00f6z\u00fcn\u00fcrl\u00fck \u00fcretmemektedir; bu sebeple resimlerinizi kaydederken .tif format\u0131n\u0131 kullan\u0131n\u0131z.<\/p>\n\n\n\n<p>Dok\u00fcmana basit bir isim veriniz. Dosya isminde \u00f6zel karakterler, noktalama i\u015faretleri, semboller kullanmay\u0131n\u0131z; dosya isminde bo\u015fluk b\u0131rakmamaya \u00f6zen g\u00f6steriniz.<\/p>\n\n\n\n<p>Edit\u00f6rlerin ya da hakemlerin inceleme esnas\u0131nda g\u00f6rmelerinde fayda oldu\u011funu d\u00fc\u015f\u00fcnd\u00fc\u011f\u00fcn\u00fcz ba\u015fka dok\u00fcmanlar\u0131 (\u00f6l\u00e7ek formu, orijinal veri seti vs.) da ba\u015fvurunuz esnas\u0131nda y\u00fckleyebilirsiniz.<\/p>\n\n\n\n<p class=\"alert alert-secondary\"><strong>\u00d6nemli Not<\/strong><br>1. Y\u00fckledi\u011finiz dok\u00fcmanlar i\u00e7erisinde yazar isimleri, yazarlara ait bilgiler; \u00e7al\u0131\u015fma bir sunumdan, rapordan, tezden \u00fcretilmi\u015fse bunlar\u0131n bilgileri bulunmamal\u0131d\u0131r. Y\u00fckleme yapmadan \u00f6nce bu bilgileri ba\u015fvuru dok\u00fcmanlar\u0131ndan \u00e7\u0131kard\u0131\u011f\u0131n\u0131zdan emin olunuz.<br><br>2. Ayr\u0131ca bir \u201cTelif Devir Mektubu\u201d y\u00fcklemenize gerek yoktur. Telif devir hakk\u0131 ile ilgili detaylar ba\u015fvuru esnas\u0131nda kar\u015f\u0131n\u0131za \u00e7\u0131kacakt\u0131r.<\/p>\n\n\n\n<h2 class=\"wp-block-heading\">Online Ba\u015fvuru S\u00fcreci<\/h2>\n\n\n\n<p>Ba\u015fvuru s\u00fcrecinden \u00f6nce a\u015fa\u011f\u0131daki haz\u0131rl\u0131klar\u0131 yap\u0131n\u0131z.<\/p>\n\n\n\n<ul class=\"wp-block-list\"><li>Tek bir MS Word dosyas\u0131 \u015feklinde (ba\u015fl\u0131k sayfas\u0131, \u00f6z, ana metin, resimler, tablolar, kaynak\u00e7a, ekler vs.) ba\u015fvuru dok\u00fcman\u0131<\/li><li>Ana metin d\u0131\u015f\u0131ndaki di\u011fer dosyalar<\/li><li>\u00c7al\u0131\u015fman\u0131n \u00f6z\u00fc (abstract)<\/li><li>Varsa di\u011fer yazarlar\u0131n isimleri, elektronik posta adresleri<\/li><\/ul>\n\n\n\n<h3 class=\"wp-block-heading\">Ba\u015fvuruyu Yapmak<\/h3>\n\n\n\n<p>1. Ba\u015fvurunuzu yapaca\u011f\u0131n\u0131z web sayfas\u0131na gidiniz: <strong><a href=\"https:\/\/mc04.manuscriptcentral.com\/trcjm\" target=\"_blank\" rel=\"noreferrer noopener\">https:\/\/mc04.manuscriptcentral.com\/trcjm<\/a><\/strong><\/p>\n\n\n\n<p>2. Online ba\u015fvuru sayfas\u0131ndan kullan\u0131c\u0131 ad\u0131n\u0131z (user ID) ve \u015fifreniz (password) ile giri\u015f yap\u0131n\u0131z. Daha \u00f6nceden bir hesab\u0131n\u0131z\u0131n olup olmad\u0131\u011f\u0131n\u0131 hat\u0131rlam\u0131yorsan\u0131z ya da \u015fifrenizi unuttuysan\u0131z&nbsp;<strong>Password Help<\/strong>&nbsp;b\u00f6l\u00fcm\u00fcne elektronik posta adresinizi giriniz. Sistem, size gerekli bilgileri elektronik posta ile iletecektir. Bir hesab\u0131n\u0131z yoksa&nbsp;<strong>Create Account<\/strong>&nbsp;linkinden ilgili y\u00f6nergeleri takip ederek yeni bir hesap olu\u015fturabilirsiniz.<\/p>\n\n\n\n<p>Hesab\u0131n\u0131zla ilgili bir sorun ya\u015f\u0131yorsan\u0131z yeni bir hesap olu\u015fturmay\u0131n\u0131z;\u00a0<a href=\"mailto:admin@trcjm.com\"><em>TRCJM <\/em>Edit\u00f6r Ofisi<\/a>\u2019ne bu durumu iletiniz.<\/p>\n\n\n\n<p>3. Giri\u015finizi yapt\u0131ktan sonra&nbsp;<strong>Author Center<\/strong>&nbsp;butonuna t\u0131klay\u0131n\u0131z.<\/p>\n\n\n\n<p>4. Author Center panelinin sol taraf\u0131nda b\u00fct\u00fcn ba\u015fvurular\u0131n\u0131z\u0131n g\u00fcncel durumlar\u0131n\u0131, hangi a\u015famalarda olduklar\u0131n\u0131 g\u00f6receksiniz. Her bir sekmenin \u00f6n\u00fcndeki rakam o kategorideki ba\u015fvuru say\u0131n\u0131z\u0131 g\u00f6sterir. \u00d6rne\u011fin \u201cManuscripts with Decisions\u201d kategorisinin \u00f6n\u00fcnde 2 rakam\u0131 varsa 2 adet sonu\u00e7lanm\u0131\u015f \u00e7al\u0131\u015fman\u0131z bulunmaktad\u0131r. Sol paneldeki bu kategorilere t\u0131klayarak o kategorideki ba\u015fvurular\u0131n\u0131z\u0131n detaylar\u0131n\u0131 g\u00f6rebilirsiniz. Ekran\u0131n sa\u011f\u0131nda \u201cAuthor Resources\u201d b\u00f6l\u00fcm\u00fc yer almaktad\u0131r. Yeni ba\u015fvurunuzu bu b\u00f6l\u00fcmden yapacaks\u0131n\u0131z. Yine bu b\u00f6l\u00fcmde ScholarOne Manuscripts sitesinden size gelmi\u015f son 10 elektronik posta eri\u015fim linki yer almaktad\u0131r.<\/p>\n\n\n\n<p>5.&nbsp;<strong>Click here to submit a new manuscript&nbsp;<\/strong>linkine t\u0131klayarak ba\u015fvuru s\u00fcrecinizi ba\u015flat\u0131n\u0131z. Kar\u015f\u0131n\u0131za 7 a\u015famal\u0131 bir ba\u015fvuru ekran\u0131 \u00e7\u0131kacakt\u0131r.<\/p>\n\n\n\n<p>6. Herhangi bir a\u015famada ba\u015fvuru s\u00fcrecini durdurabilirsiniz; o a\u015famaya kadar girmi\u015f oldu\u011funuz bilgiler kaydedilmektedir.&nbsp;<strong>Continue Submission<\/strong>&nbsp;linkini t\u0131klayarak bulundu\u011funuz konumdan i\u015flemlere devam edebilirsiniz.<\/p>\n\n\n\n<p>7.&nbsp;Ba\u015fvuru s\u00fcrecinin sondan bir \u00f6nceki a\u015famas\u0131, dosyan\u0131n y\u00fcklenme a\u015famas\u0131d\u0131r.<\/p>\n\n\n\n<ul class=\"wp-block-list\"><li>1. A\u015fama: \u201cChoose File\u201d butonundan y\u00fcklemek istedi\u011finiz dosyay\u0131 se\u00e7iniz. Yan\u0131nda yer alan \u201cFile Designation\u201d butonundan ise dosyan\u0131n t\u00fcr\u00fcn\u00fc belirtiniz.<\/li><li>2. A\u015fama: \u201cUpload Files\u201d butonu ile dosyan\u0131z\u0131 y\u00fckleyiniz. Dosyan\u0131z\u0131 y\u00fckledi\u011finizde PDF dok\u00fcman\u0131na \u00e7evirecektir. Y\u00fcklemek istedi\u011finiz ba\u015fka dosyalar varsa ayn\u0131 i\u015flemi tekrar ediniz.<\/li><li>3. A\u015fama: Y\u00fckledi\u011finiz dosyalar\u0131n alt\u0131ndaki PDF simgesine t\u0131klayarak dosyan\u0131z\u0131n nas\u0131l g\u00f6r\u00fcnece\u011fini kontrol ediniz. Y\u00fckledi\u011finiz dosyalar yanl\u0131\u015fsa silerek yeni dosya y\u00fckleyebilirsiniz.<\/li><\/ul>\n\n\n\n<p>8. Son a\u015famada ba\u015fvurunuzda girmi\u015f oldu\u011funuz b\u00fct\u00fcn bilgiler s\u0131ralanacakt\u0131r. Tam olarak doldurulmu\u015f b\u00f6l\u00fcmlerin sol taraf\u0131nda ye\u015fil bir tik (\u2713) i\u015fareti olacakt\u0131r. Hatal\u0131 ve eksik bilgilerin oldu\u011fu sekmelerde ise k\u0131rm\u0131z\u0131 bir (X) i\u015fareti olacakt\u0131r. B\u00fct\u00fcn a\u015famalar\u0131n do\u011fru oldu\u011fundan emin olduktan sonra&nbsp;<strong>Submit<\/strong>&nbsp;butonuna t\u0131klayarak ba\u015fvurunuzu tamamlayabilirsiniz.<\/p>\n\n\n\n<p>9.&nbsp;Ba\u015fvurunuz ba\u015far\u0131l\u0131 bir \u015fekilde tamamlanan\u0131nca ba\u015fvuru numaran\u0131z\u0131n (<strong>Manuscript ID<\/strong>) da yer ald\u0131\u011f\u0131 bir do\u011frulama ekran\u0131 g\u00f6receksiniz. Edit\u00f6ryal ofis ile yapaca\u011f\u0131n\u0131z b\u00fct\u00fcn yaz\u0131\u015fmalar\u0131n\u0131zda bu ba\u015fvuru numaran\u0131z\u0131 bildiriniz. Ayr\u0131ca bir elektronik posta ile de ba\u015fvurunuzun tamamland\u0131\u011f\u0131 bildirilecektir.<br>E\u011fer do\u011frulama ekran\u0131 kar\u015f\u0131n\u0131za \u00e7\u0131kmaz ve ba\u015fvurunuzun al\u0131nd\u0131\u011f\u0131n\u0131 bildiren elektronik postay\u0131 almazsan\u0131z ba\u015fvurunuz tamamlanmam\u0131\u015ft\u0131r. Bu durumda ba\u015fvurunuz&nbsp;<strong>Author Center<\/strong>&nbsp;b\u00f6l\u00fcm\u00fc alt\u0131nda&nbsp;<strong>Unsubmitted Manuscripts&nbsp;<\/strong>sekmesindedir.<\/p>\n\n\n\n<p>10. Ba\u015fvurusu biten \u00e7al\u0131\u015fman\u0131z\u0131n hangi a\u015famada oldu\u011funu&nbsp;<strong>Author Center<\/strong>&nbsp;b\u00f6l\u00fcm\u00fc alt\u0131ndaki&nbsp;<strong>Submitted Manuscripts<\/strong>&nbsp;sekmesinden takip edebilirsiniz.<\/p>\n\n\n\n<h3 class=\"wp-block-heading\">De\u011ferlendirmesi Tamamlanan Bir \u00c7al\u0131\u015fmay\u0131 Revize Etmek ve Yeniden Sunmak<\/h3>\n\n\n\n<p>Ba\u015fvurunuza y\u00f6nelik b\u00fct\u00fcn de\u011ferlendirmeler elektronik posta ile taraf\u0131n\u0131za iletilecektir. Edit\u00f6rlerin, hakemlerin ve edit\u00f6ryal ofisin talep etti\u011fi de\u011fi\u015fiklikleri \u00e7al\u0131\u015fman\u0131za yans\u0131tman\u0131z beklenmektedir.<\/p>\n\n\n\n<p>\u00c7al\u0131\u015fman\u0131z\u0131 revize etmek i\u00e7in&nbsp;<strong>Manuscripts with Decisions<\/strong>&nbsp;sekmesine t\u0131klay\u0131n\u0131z. Sonras\u0131nda <strong>create a revision<\/strong> linkini ya da <strong>Click here to submit a revision<\/strong> linkini t\u0131klay\u0131n\u0131z. Bu \u015fekilde s\u00f6z konusu \u00e7al\u0131\u015fman\u0131za ait ayn\u0131 ba\u015fvuru numaras\u0131 ile yeni bir ba\u015fvuru olu\u015fturacaks\u0131n\u0131z. Bu g\u00fcncellenmi\u015f ba\u015fvurunuzun ba\u015fvuru numaras\u0131n\u0131n sonunda revizyon ifade eden R1 yazacakt\u0131r.<\/p>\n\n\n\n<p>Bir \u00e7al\u0131\u015fman\u0131z i\u00e7in revizyon i\u015flemini ba\u015flatt\u0131\u011f\u0131n\u0131zda Manuscripts with Decisions sekmesindeki&nbsp;<strong>create a revision<\/strong>&nbsp;linki kalkacakt\u0131r. E\u011fer revize etmekte oldu\u011funuz \u00e7al\u0131\u015fman\u0131z\u0131 yeniden iletmez ve d\u00fczenlemelerinizi silerseniz&nbsp;<strong>create a revision<\/strong>&nbsp;linki yeniden ortaya \u00e7\u0131kacakt\u0131r. Revize etmeye ba\u015flad\u0131\u011f\u0131n\u0131z \u00e7al\u0131\u015fman\u0131z,&nbsp;<strong>Revised Manuscripts in Draft&nbsp;<\/strong>sekmesinde g\u00f6r\u00fcnecektir.<\/p>\n\n\n\n<p><strong>Create a revision<\/strong>&nbsp;linkine t\u0131klad\u0131\u011f\u0131n\u0131zda sistem size bir onay ekran\u0131 a\u00e7acakt\u0131r. Onay ekran\u0131nda&nbsp;<strong>OK<\/strong>&nbsp;se\u00e7ene\u011fini t\u0131klad\u0131\u011f\u0131n\u0131zda&nbsp;<strong>View &amp; Respond to Comments<\/strong>&nbsp;a\u015famas\u0131na ge\u00e7ersiniz.&nbsp;<strong>Cancel<\/strong>&nbsp;sekmesini se\u00e7erseniz i\u015flem devam etmez.<\/p>\n\n\n\n<p>Bu a\u015famada \u00e7al\u0131\u015fman\u0131za y\u00f6nelik de\u011ferlendirmelerin kar\u015f\u0131s\u0131ndaki alanlara cevaplar\u0131n\u0131z\u0131 yazman\u0131z beklenmektedir. Kat\u0131lmad\u0131\u011f\u0131n\u0131z edit\u00f6ryal \u00f6nerilerin ve ele\u015ftirilerin, nedenleriyle a\u00e7\u0131klanmas\u0131 gerekir. Revizyon a\u015famas\u0131nda yazar ve \u00e7al\u0131\u015fma ile ilgili ilk ba\u015fvurudaki bilgiler tekrar g\u00f6r\u00fcnmektedir. Bu bilgilerden de\u011fi\u015fenleri (\u00e7al\u0131\u015fman\u0131n ba\u015fl\u0131\u011f\u0131, anahtar kelimeler vs.) g\u00fcncelleyerek dosya y\u00fckleme a\u015famas\u0131na kadar geliniz. Dosya y\u00fckleme (<strong>File Upload<\/strong>) a\u015famas\u0131nda \u00e7al\u0131\u015fman\u0131n y\u00fckledi\u011finiz ilk n\u00fcshas\u0131 kar\u015f\u0131n\u0131za \u00e7\u0131kacakt\u0131r. <\/p>\n\n\n\n<p>Revizyon a\u015famas\u0131nda yenilemi\u015f oldu\u011funuz b\u00fct\u00fcn eski dosyalar\u0131 (ana metin ve ek dosyalar) siliniz ve revize etti\u011finiz dosyalar\u0131 y\u00fckleyiniz. De\u011fi\u015fiklik yapmad\u0131\u011f\u0131n\u0131z eski dosyalar\u0131 (\u00f6rne\u011fin ek dosyalar\u0131) silip yeniden y\u00fcklemenize gerek yoktur. G\u00fcncel dosyalar\u0131 y\u00fckledi\u011finizden emin olduktan sonra&nbsp;<strong>Submit<\/strong>&nbsp;butonuna t\u0131klayarak ba\u015fvurunuzu tamamlay\u0131n\u0131z. Ba\u015fvurunuz tamamland\u0131ktan sonra yine elektronik posta yoluyla bilgilendirileceksiniz.<\/p>\n\n\n\n<h3 class=\"wp-block-heading\">Edit\u00f6ryal Ofis \u0130ncelemesi<\/h3>\n\n\n\n<p>1. Dergi y\u00f6neticisi, b\u00fct\u00fcn ba\u015fvurular\u0131&nbsp;<a rel=\"noreferrer noopener\" href=\"https:\/\/trcjm.com\/tr\/yazim-kurallari\/\" data-type=\"page\" data-id=\"97\" target=\"_blank\">Yaz\u0131m Kurallar\u0131<\/a>&nbsp;ve Online Ba\u015fvuru Y\u00f6nergesi&#8217;ndeki ilkeler bak\u0131m\u0131ndan incelemektedir. Ba\u015fvuru s\u00fcrecinde eksiklik veya hata bulunan ba\u015fvurular, gerek\u00e7esiyle birlikte yetkilendirilmi\u015f yazara geri g\u00f6nderilir; eksiklikler giderildikten sonra s\u00fcre\u00e7 yeniden ba\u015flat\u0131l\u0131r.<\/p>\n\n\n\n<p>2. B\u00fct\u00fcn ba\u015fvurular bir \u0130ntihal Engelleme Program\u0131 ile kontrol edilmektedir. \u0130ntihal tespit edilen ba\u015fvurular, ileri bir s\u00fcrece al\u0131nmadan geri \u00e7evrilmektedir.<\/p>\n\n\n\n<p>3. \u0130ngilizce \u00e7al\u0131\u015fmalar, \u0130ngilizce ana dil uzman\u0131 taraf\u0131ndan edit\u00f6ryal incelemeden \u00f6nce de\u011ferlendirilmektedir. \u0130ngilizce dil yeterlili\u011fi olmayan \u00e7al\u0131\u015fmalar, gerekli a\u00e7\u0131klamalarla birlikte geri \u00e7evrilmektedir.<\/p>\n","protected":false},"excerpt":{"rendered":"<p>Genel TRC Journal of Medicine\u2018in (TRCJM) online ba\u015fvuru linki \u015f\u00f6yledir: https:\/\/mc04.manuscriptcentral.com\/trcjm \u00c7al\u0131\u015fman\u0131z\u0131 y\u00fcklemeden \u00f6nce ScholarOne Manuscript\u2019in&nbsp;Kullan\u0131c\u0131 Y\u00f6nergesini&nbsp;okuman\u0131z \u00f6nerilmektedir. Bu y\u00f6nergede sistemin temel \u00f6zellikleri ve ba\u015fvurular\u0131n nas\u0131l yap\u0131laca\u011f\u0131 a\u00e7\u0131klanmaktad\u0131r. Online ba\u015fvuru sayfas\u0131na eri\u015fmek i\u00e7in bir kullan\u0131c\u0131 ad\u0131na (user ID) ve \u015fifreye (password) ihtiyac\u0131n\u0131z vard\u0131r. Daha \u00f6nceden bir hesab\u0131n\u0131z\u0131n olup olmad\u0131\u011f\u0131n\u0131 hat\u0131rlam\u0131yorsan\u0131z ya da \u015fifrenizi unuttuysan\u0131z&nbsp;Password Help&nbsp;b\u00f6l\u00fcm\u00fcne [&hellip;]<\/p>\n","protected":false},"author":1,"featured_media":0,"parent":0,"menu_order":0,"comment_status":"closed","ping_status":"closed","template":"","meta":{"_acf_changed":false,"footnotes":""},"class_list":["post-116","page","type-page","status-publish","hentry"],"acf":[],"_links":{"self":[{"href":"https:\/\/trcjm.com\/tr\/wp-json\/wp\/v2\/pages\/116","targetHints":{"allow":["GET"]}}],"collection":[{"href":"https:\/\/trcjm.com\/tr\/wp-json\/wp\/v2\/pages"}],"about":[{"href":"https:\/\/trcjm.com\/tr\/wp-json\/wp\/v2\/types\/page"}],"author":[{"embeddable":true,"href":"https:\/\/trcjm.com\/tr\/wp-json\/wp\/v2\/users\/1"}],"replies":[{"embeddable":true,"href":"https:\/\/trcjm.com\/tr\/wp-json\/wp\/v2\/comments?post=116"}],"version-history":[{"count":3,"href":"https:\/\/trcjm.com\/tr\/wp-json\/wp\/v2\/pages\/116\/revisions"}],"predecessor-version":[{"id":1167,"href":"https:\/\/trcjm.com\/tr\/wp-json\/wp\/v2\/pages\/116\/revisions\/1167"}],"wp:attachment":[{"href":"https:\/\/trcjm.com\/tr\/wp-json\/wp\/v2\/media?parent=116"}],"curies":[{"name":"wp","href":"https:\/\/api.w.org\/{rel}","templated":true}]}}