{"id":118,"date":"2020-11-17T18:39:41","date_gmt":"2020-11-17T15:39:41","guid":{"rendered":"https:\/\/trcjm.com\/?page_id=118"},"modified":"2021-03-21T12:50:39","modified_gmt":"2021-03-21T09:50:39","slug":"erken-gorunum","status":"publish","type":"page","link":"https:\/\/trcjm.com\/tr\/erken-gorunum\/","title":{"rendered":"Erken G\u00f6r\u00fcn\u00fcm"},"content":{"rendered":"\n<h2 class=\"wp-block-heading\">Erken G\u00f6r\u00fcn\u00fcm Nedir?<\/h2>\n\n\n\n<p>Erken G\u00f6r\u00fcn\u00fcm,\u00a0<em><em>TRC Journal of Medicine<\/em>\u2019<\/em>in\u00a0bas\u0131ma haz\u0131r makaleleri bask\u0131dan \u00f6nce online olarak yay\u0131mlad\u0131\u011f\u0131 ortamd\u0131r. Erken G\u00f6r\u00fcn\u00fcm olarak yay\u0131mlanan bir makaleye cilt, say\u0131 bilgileri atanmamakta, makale DOI (Digital Object Identifiers) numaras\u0131 ile yay\u0131mlanmaktad\u0131r.<br>Makale, ilgili say\u0131da yay\u0131mland\u0131\u011f\u0131nda Erken G\u00f6r\u00fcn\u00fcm sayfas\u0131ndan kald\u0131r\u0131lmakta ve web sitesinde yay\u0131mland\u0131\u011f\u0131 say\u0131 i\u00e7erisine al\u0131nmaktad\u0131r.<br>Yay\u0131m kabul\u00fc alan bir \u00e7al\u0131\u015fma, yakla\u015f\u0131k 30 g\u00fcn i\u00e7erisinde Erken G\u00f6r\u00fcn\u00fcm olarak yay\u0131nlanmaktad\u0131r.<\/p>\n\n\n\n<h2 class=\"wp-block-heading\">Erken G\u00f6r\u00fcn\u00fcm Olarak Yay\u0131mlanan Makalelere At\u0131f Yapmak<\/h2>\n\n\n\n<p>Erken G\u00f6r\u00fcn\u00fcm olarak yay\u0131nlanan bir \u00e7al\u0131\u015fman\u0131n APA\u2019ya uygun at\u0131f g\u00f6sterimi a\u015fa\u011f\u0131daki \u00f6rnekte g\u00f6sterilmi\u015ftir.<\/p>\n\n\n\n<p>Baspinar, A. (2021). Emergengy medicine: Origins, treatment, and recovery.\u00a0<em>TRC Journal of Medicine.\u00a0<\/em>Advance online publication. https:\/\/dx.doi.org\/10.12741\/trcjm.2021.1.18<\/p>\n","protected":false},"excerpt":{"rendered":"<p>Erken G\u00f6r\u00fcn\u00fcm Nedir? Erken G\u00f6r\u00fcn\u00fcm,\u00a0TRC Journal of Medicine\u2019in\u00a0bas\u0131ma haz\u0131r makaleleri bask\u0131dan \u00f6nce online olarak yay\u0131mlad\u0131\u011f\u0131 ortamd\u0131r. Erken G\u00f6r\u00fcn\u00fcm olarak yay\u0131mlanan bir makaleye cilt, say\u0131 bilgileri atanmamakta, makale DOI (Digital Object Identifiers) numaras\u0131 ile yay\u0131mlanmaktad\u0131r.Makale, ilgili say\u0131da yay\u0131mland\u0131\u011f\u0131nda Erken G\u00f6r\u00fcn\u00fcm sayfas\u0131ndan kald\u0131r\u0131lmakta ve web sitesinde yay\u0131mland\u0131\u011f\u0131 say\u0131 i\u00e7erisine al\u0131nmaktad\u0131r.Yay\u0131m kabul\u00fc alan bir \u00e7al\u0131\u015fma, yakla\u015f\u0131k 30 g\u00fcn [&hellip;]<\/p>\n","protected":false},"author":1,"featured_media":0,"parent":0,"menu_order":0,"comment_status":"closed","ping_status":"closed","template":"page-onlinefirst.php","meta":{"_acf_changed":false,"footnotes":""},"class_list":["post-118","page","type-page","status-publish","hentry"],"acf":[],"_links":{"self":[{"href":"https:\/\/trcjm.com\/tr\/wp-json\/wp\/v2\/pages\/118","targetHints":{"allow":["GET"]}}],"collection":[{"href":"https:\/\/trcjm.com\/tr\/wp-json\/wp\/v2\/pages"}],"about":[{"href":"https:\/\/trcjm.com\/tr\/wp-json\/wp\/v2\/types\/page"}],"author":[{"embeddable":true,"href":"https:\/\/trcjm.com\/tr\/wp-json\/wp\/v2\/users\/1"}],"replies":[{"embeddable":true,"href":"https:\/\/trcjm.com\/tr\/wp-json\/wp\/v2\/comments?post=118"}],"version-history":[{"count":2,"href":"https:\/\/trcjm.com\/tr\/wp-json\/wp\/v2\/pages\/118\/revisions"}],"predecessor-version":[{"id":1163,"href":"https:\/\/trcjm.com\/tr\/wp-json\/wp\/v2\/pages\/118\/revisions\/1163"}],"wp:attachment":[{"href":"https:\/\/trcjm.com\/tr\/wp-json\/wp\/v2\/media?parent=118"}],"curies":[{"name":"wp","href":"https:\/\/api.w.org\/{rel}","templated":true}]}}