{"id":123,"date":"2020-11-17T18:42:03","date_gmt":"2020-11-17T15:42:03","guid":{"rendered":"https:\/\/trcjm.com\/?page_id=123"},"modified":"2021-03-21T12:49:10","modified_gmt":"2021-03-21T09:49:10","slug":"amac-ve-kapsam","status":"publish","type":"page","link":"https:\/\/trcjm.com\/tr\/amac-ve-kapsam\/","title":{"rendered":"Ama\u00e7 ve Kapsam"},"content":{"rendered":"\n<p><em>TRC Journal of Medicine<\/em>; ba\u011f\u0131ms\u0131z, tarafs\u0131z ve k\u00f6r hakemlik ilkelerine uygun olarak yay\u0131mlanan uluslararas\u0131, bilimsel, a\u00e7\u0131k eri\u015fimli bir dergidir. Dergi, T\u00fcrk K\u0131z\u0131lay\u2019\u0131n resm\u00ee yay\u0131m\u0131 olup \u00fc\u00e7er ayl\u0131k periyotlarla yay\u0131mlanmaktad\u0131r. Derginin yay\u0131m dili \u0130ngilizcedir. Bununla beraber, yay\u0131mlanan her \u00a0yaz\u0131n\u0131n T\u00fcrk\u00e7e geni\u015f \u00f6zeti, dergi edit\u00f6ryas\u0131 taraf\u0131ndan haz\u0131rlanmakta ve web sitesinden payla\u015f\u0131lmaktad\u0131r.<\/p>\n\n\n\n<p>Derginin temel amac\u0131; acil t\u0131p, afet t\u0131bb\u0131 ve halk sa\u011fl\u0131\u011f\u0131 ile ili\u015fkili sa\u011fl\u0131k alanlar\u0131nda nitelikli yay\u0131mlar \u00fcreterek bilimsel bir forum olu\u015fturmak; b\u00f6ylece ilgili literat\u00fcre katk\u0131da bulunmakt\u0131r. Dergi ayr\u0131ca en g\u00fcncel ve \u00f6zg\u00fcn \u00e7al\u0131\u015fmalar\u0131 yay\u0131mlayarak T\u00fcrkiye\u2019de s\u00f6z konusu alanlarda politikalar\u0131n \u015fekillenmesine katk\u0131da bulunmay\u0131 ama\u00e7lamaktad\u0131r.<\/p>\n\n\n\n<p>Disiplinleraras\u0131 bir dergi olan\u00a0<em>TRC Journal of Medicine<\/em>; acil t\u0131p, afet t\u0131bb\u0131 ve halk sa\u011fl\u0131\u011f\u0131 ile ili\u015fkili olmak kayd\u0131yla farkl\u0131 disiplinlerden gelen ba\u015fvurular\u0131 de\u011ferlendirmeye almaktad\u0131r. \u00c7ok disiplinli yakla\u015f\u0131m\u0131yla dergi; ampirik ara\u015ft\u0131rmalar\u0131, de\u011ferlendirmeleri, edit\u00f6ryal notlar\u0131, vaka analizlerini ve tarih\u00ee belgeleri uluslararas\u0131 perspektifle yay\u0131mlamaktad\u0131r.<\/p>\n\n\n\n<p><\/p>\n","protected":false},"excerpt":{"rendered":"<p>TRC Journal of Medicine; ba\u011f\u0131ms\u0131z, tarafs\u0131z ve k\u00f6r hakemlik ilkelerine uygun olarak yay\u0131mlanan uluslararas\u0131, bilimsel, a\u00e7\u0131k eri\u015fimli bir dergidir. Dergi, T\u00fcrk K\u0131z\u0131lay\u2019\u0131n resm\u00ee yay\u0131m\u0131 olup \u00fc\u00e7er ayl\u0131k periyotlarla yay\u0131mlanmaktad\u0131r. Derginin yay\u0131m dili \u0130ngilizcedir. Bununla beraber, yay\u0131mlanan her \u00a0yaz\u0131n\u0131n T\u00fcrk\u00e7e geni\u015f \u00f6zeti, dergi edit\u00f6ryas\u0131 taraf\u0131ndan haz\u0131rlanmakta ve web sitesinden payla\u015f\u0131lmaktad\u0131r. Derginin temel amac\u0131; acil t\u0131p, afet [&hellip;]<\/p>\n","protected":false},"author":1,"featured_media":0,"parent":0,"menu_order":0,"comment_status":"closed","ping_status":"closed","template":"","meta":{"_acf_changed":false,"footnotes":""},"class_list":["post-123","page","type-page","status-publish","hentry"],"acf":[],"_links":{"self":[{"href":"https:\/\/trcjm.com\/tr\/wp-json\/wp\/v2\/pages\/123","targetHints":{"allow":["GET"]}}],"collection":[{"href":"https:\/\/trcjm.com\/tr\/wp-json\/wp\/v2\/pages"}],"about":[{"href":"https:\/\/trcjm.com\/tr\/wp-json\/wp\/v2\/types\/page"}],"author":[{"embeddable":true,"href":"https:\/\/trcjm.com\/tr\/wp-json\/wp\/v2\/users\/1"}],"replies":[{"embeddable":true,"href":"https:\/\/trcjm.com\/tr\/wp-json\/wp\/v2\/comments?post=123"}],"version-history":[{"count":3,"href":"https:\/\/trcjm.com\/tr\/wp-json\/wp\/v2\/pages\/123\/revisions"}],"predecessor-version":[{"id":1159,"href":"https:\/\/trcjm.com\/tr\/wp-json\/wp\/v2\/pages\/123\/revisions\/1159"}],"wp:attachment":[{"href":"https:\/\/trcjm.com\/tr\/wp-json\/wp\/v2\/media?parent=123"}],"curies":[{"name":"wp","href":"https:\/\/api.w.org\/{rel}","templated":true}]}}