{"id":89,"date":"2020-11-17T18:27:50","date_gmt":"2020-11-17T15:27:50","guid":{"rendered":"https:\/\/trcjm.com\/?page_id=89"},"modified":"2021-03-21T12:55:40","modified_gmt":"2021-03-21T09:55:40","slug":"yazar-haklari","status":"publish","type":"page","link":"https:\/\/trcjm.com\/tr\/yazar-haklari\/","title":{"rendered":"Yazar Haklar\u0131"},"content":{"rendered":"\n<h2 class=\"wp-block-heading\">Belli Hakemleri De\u011ferlendirme S\u00fcreci D\u0131\u015f\u0131nda Tutma<\/h2>\n\n\n\n<p>Yazar\/ yazarlar, \u00e7\u0131kar \u00e7at\u0131\u015fmas\u0131 gerek\u00e7esiyle veya etik gerek\u00e7elerle \u00e7al\u0131\u015fmas\u0131n\u0131n g\u00f6nderilmemesini istedi\u011fi hakemleri belirleyebilir\/ belirleyebilirler.<\/p>\n\n\n\n<p>Ayr\u0131ca edit\u00f6r, \u015fu konumdaki hakemlere de\u011ferlendirme g\u00f6ndermemektedir:<\/p>\n\n\n\n<ul class=\"wp-block-list\"><li>Yazar\u0131n\/ yazarlar\u0131n daha \u00f6nce ortak \u00e7al\u0131\u015fma yay\u0131mlad\u0131\u011f\u0131 hakemlere<\/li><li>Yazar\u0131n\/ yazarlar\u0131n&nbsp;\u00e7al\u0131\u015fmalar\u0131n\u0131n \u00f6n okumalar\u0131nda yard\u0131mc\u0131 olmu\u015f hakemlere<\/li><li>Yazar\u0131n\/ yazarlar\u0131n&nbsp;daha \u00f6nceden sorunu oldu\u011fu bilinen hakemlere<\/li><li>\u00c7al\u0131\u015fman\u0131n yay\u0131mlanmas\u0131ndan finansal fayda sa\u011flayacak hakemlere<\/li><li>Yazar ile ayn\u0131 kurumda \u00e7al\u0131\u015fan (\u00fcniversitelerde ayn\u0131 b\u00f6l\u00fcmde) hakemlere<\/li><\/ul>\n\n\n\n<h2 class=\"wp-block-heading\">Geri \u00c7ekme<\/h2>\n\n\n\n<p>Yazar, hen\u00fcz yay\u0131mlanmam\u0131\u015f olan \u00e7al\u0131\u015fmalar\u0131n\u0131 de\u011ferlendirme s\u00fcrecindeyken geri \u00e7ekebilir.<\/p>\n\n\n\n<h2 class=\"wp-block-heading\">Hakem Raporlar\u0131na ve Yay\u0131n Kurulu Kararlar\u0131na \u0130tiraz<\/h2>\n\n\n\n<p>Yazar, her zaman ve durumda hakem raporlar\u0131na ve edit\u00f6ryal kararlara itiraz etme hakk\u0131na sahiptir. Bu ve benzeri durumlarda&nbsp;yazardan itirazlar\u0131n\u0131 gerek\u00e7eleri ile bildirmeleri talep edilmektedir. Edit\u00f6rya, itiraz durumlar\u0131nda gerekli g\u00f6r\u00fcrse yeni bir de\u011ferlendirme s\u00fcreci ba\u015flatabilir.<\/p>\n\n\n\n<h2 class=\"wp-block-heading\">Yay\u0131mlanm\u0131\u015f \u00c7al\u0131\u015fma i\u00e7in Tasarrufta Bulunma<\/h2>\n\n\n\n<p>Yay\u0131mlanan makalelerin ve de\u011ferlendirmelerin&nbsp;<a rel=\"noreferrer noopener\" href=\"https:\/\/trcjm.com\/wp-content\/uploads\/2021\/01\/copyright_transfer_form.pdf\" target=\"_blank\">telif hakk\u0131<\/a>&nbsp;<em>T\u00fcrkiye K\u0131z\u0131lay Derne\u011fi<\/em>\u2019ne aittir. Bununla birlikte&nbsp;yazar\/ yazarlar \u00e7al\u0131\u015fmalar\u0131n\u0131n&nbsp;kullan\u0131m\u0131yla ilgili taleplerini dergi edit\u00f6r\u00fcne iletebilir\/ iletebilirler.<\/p>\n\n\n\n<p>Akademik ama\u00e7l\u0131 kullan\u0131mlar, makalenin tekrar bas\u0131m\u0131 vb. hususlarda kendisine ula\u015fan taleplere y\u00f6nelik olarak\u00a0<em>TRC Journal of Medicine<\/em>\u00a0edit\u00f6ryas\u0131 geri bildirimde bulunmaktad\u0131r.<\/p>\n\n\n\n<h2 class=\"wp-block-heading\">Erratum<\/h2>\n\n\n\n<p>Edit\u00f6ryal s\u00fcre\u00e7te veya bas\u0131m s\u00fcrecinde ortaya \u00e7\u0131kan maddi hatalar sebebiyle yazar, ilk yay\u0131mlanacak say\u0131da \u00e7al\u0131\u015fmas\u0131ndaki sorunlu yerler i\u00e7in veya kendisinden kaynaklanm\u0131\u015f bilgi hatalar\u0131 i\u00e7in erratum talep edebilir.<\/p>\n","protected":false},"excerpt":{"rendered":"<p>Belli Hakemleri De\u011ferlendirme S\u00fcreci D\u0131\u015f\u0131nda Tutma Yazar\/ yazarlar, \u00e7\u0131kar \u00e7at\u0131\u015fmas\u0131 gerek\u00e7esiyle veya etik gerek\u00e7elerle \u00e7al\u0131\u015fmas\u0131n\u0131n g\u00f6nderilmemesini istedi\u011fi hakemleri belirleyebilir\/ belirleyebilirler. Ayr\u0131ca edit\u00f6r, \u015fu konumdaki hakemlere de\u011ferlendirme g\u00f6ndermemektedir: Yazar\u0131n\/ yazarlar\u0131n daha \u00f6nce ortak \u00e7al\u0131\u015fma yay\u0131mlad\u0131\u011f\u0131 hakemlere Yazar\u0131n\/ yazarlar\u0131n&nbsp;\u00e7al\u0131\u015fmalar\u0131n\u0131n \u00f6n okumalar\u0131nda yard\u0131mc\u0131 olmu\u015f hakemlere Yazar\u0131n\/ yazarlar\u0131n&nbsp;daha \u00f6nceden sorunu oldu\u011fu bilinen hakemlere \u00c7al\u0131\u015fman\u0131n yay\u0131mlanmas\u0131ndan finansal fayda sa\u011flayacak hakemlere [&hellip;]<\/p>\n","protected":false},"author":1,"featured_media":0,"parent":0,"menu_order":0,"comment_status":"closed","ping_status":"closed","template":"","meta":{"_acf_changed":false,"footnotes":""},"class_list":["post-89","page","type-page","status-publish","hentry"],"acf":[],"_links":{"self":[{"href":"https:\/\/trcjm.com\/tr\/wp-json\/wp\/v2\/pages\/89","targetHints":{"allow":["GET"]}}],"collection":[{"href":"https:\/\/trcjm.com\/tr\/wp-json\/wp\/v2\/pages"}],"about":[{"href":"https:\/\/trcjm.com\/tr\/wp-json\/wp\/v2\/types\/page"}],"author":[{"embeddable":true,"href":"https:\/\/trcjm.com\/tr\/wp-json\/wp\/v2\/users\/1"}],"replies":[{"embeddable":true,"href":"https:\/\/trcjm.com\/tr\/wp-json\/wp\/v2\/comments?post=89"}],"version-history":[{"count":2,"href":"https:\/\/trcjm.com\/tr\/wp-json\/wp\/v2\/pages\/89\/revisions"}],"predecessor-version":[{"id":1168,"href":"https:\/\/trcjm.com\/tr\/wp-json\/wp\/v2\/pages\/89\/revisions\/1168"}],"wp:attachment":[{"href":"https:\/\/trcjm.com\/tr\/wp-json\/wp\/v2\/media?parent=89"}],"curies":[{"name":"wp","href":"https:\/\/api.w.org\/{rel}","templated":true}]}}