{"id":91,"date":"2020-11-17T18:28:21","date_gmt":"2020-11-17T15:28:21","guid":{"rendered":"https:\/\/trcjm.com\/?page_id=91"},"modified":"2021-03-21T12:58:51","modified_gmt":"2021-03-21T09:58:51","slug":"yazi-cagrisi","status":"publish","type":"page","link":"https:\/\/trcjm.com\/tr\/yazi-cagrisi\/","title":{"rendered":"Yaz\u0131 \u00c7a\u011fr\u0131s\u0131"},"content":{"rendered":"\n<p class=\"has-text-align-center\"><strong>TRC Journal of Medicine<\/strong><\/p>\n\n\n\n<p class=\"has-text-align-center\"><strong>Yaz\u0131 Teslimi i\u00e7in Son Tarih<\/strong><\/p>\n\n\n\n<p class=\"has-text-align-center\">30 Mart 2021<\/p>\n\n\n\n<p><em>TRC Journal of Medicine<\/em>; acil t\u0131p, afet t\u0131bb\u0131 ve halk sa\u011fl\u0131\u011f\u0131 konular\u0131n\u0131 ele alan ara\u015ft\u0131rmalar\u0131 yay\u0131mlayan hakemli, akademik bir dergidir. Derginin amac\u0131, uluslararas\u0131 ve disiplinleraras\u0131 \u00f6zg\u00fcn, bilimsel \u00e7al\u0131\u015fmalar i\u00e7in mecra olmak; acil t\u0131p, afet t\u0131bb\u0131 ve halk sa\u011fl\u0131\u011f\u0131 ile ilgili nitelikli tart\u0131\u015fmalar \u00fcretmek ve T\u00fcrkiye\u2019de bu konularla ilgili politikalar\u0131n \u015fekillenmesine katk\u0131 sa\u011flamakt\u0131r. Yay\u0131mlanacak \u00e7al\u0131\u015fmalar\u0131n teknik yetkinli\u011finin yan\u0131 s\u0131ra alandaki tart\u0131\u015fmalara da yeni ve \u00f6zg\u00fcn katk\u0131lar sa\u011flamalar\u0131 beklenmektedir. B\u00f6ylelikle T\u00fcrkiye\u2019de acil t\u0131p, afet t\u0131bb\u0131 ve halk sa\u011fl\u0131\u011f\u0131 alanlar\u0131nda \u00e7al\u0131\u015fma yapan ki\u015filerin ve\/ veya kurumlar\u0131n yararlanaca\u011f\u0131 bir birikimin olu\u015fmas\u0131na katk\u0131 sa\u011flamak hedeflenmektedir.<\/p>\n\n\n\n<p>Disiplinleraras\u0131 bir dergi olan\u00a0<em>TRC Journal of Medicine<\/em>; acil t\u0131p, afet t\u0131bb\u0131 ve halk sa\u011fl\u0131\u011f\u0131 ile ili\u015fkili olmak kayd\u0131yla farkl\u0131 disiplinlerden gelen ba\u015fvurular\u0131 de\u011ferlendirmeye almaktad\u0131r. \u00c7ok disiplinli yakla\u015f\u0131m\u0131yla dergi; ampirik ara\u015ft\u0131rmalar\u0131, de\u011ferlendirmeleri, edit\u00f6ryal notlar\u0131, vaka analizlerini ve tarih\u00ee belgeleri uluslararas\u0131 perspektifle yay\u0131mlamaktad\u0131r.<\/p>\n\n\n\n<p><em>TRC Journal of Medicine<\/em>\u2019da yay\u0131mlanmak \u00fczere yaz\u0131 g\u00f6ndermeyi d\u00fc\u015f\u00fcnen ara\u015ft\u0131rmac\u0131lar\u0131n ve akademisyenlerin yaz\u0131lar\u0131n\u0131 en ge\u00e7 1 Mart 2021 tarihine kadar ula\u015ft\u0131rmalar\u0131 gerekmektedir.\u00a0<\/p>\n\n\n\n<p>Sorular\u0131n\u0131za en k\u0131sa s\u00fcrede cevap alabilmek i\u00e7in&nbsp;<a href=\"mailto:editor@trcjm.com\">editor@trcjm.com<\/a>&nbsp;veya&nbsp;<a href=\"mailto:admin@trcjm.com\">admin@trcjm.com<\/a>&nbsp;adresine elektronik posta g\u00f6nderebilirsiniz.<\/p>\n\n\n\n<p>Dergi hakk\u0131nda ayr\u0131nt\u0131l\u0131 bilgi i\u00e7in&nbsp;<a href=\"https:\/\/trcjm.com\/tr\/\">https:\/\/trcjm.com\/tr\/<\/a>&nbsp;adresi ziyaret edilebilir.<\/p>\n","protected":false},"excerpt":{"rendered":"<p>TRC Journal of Medicine Yaz\u0131 Teslimi i\u00e7in Son Tarih 30 Mart 2021 TRC Journal of Medicine; acil t\u0131p, afet t\u0131bb\u0131 ve halk sa\u011fl\u0131\u011f\u0131 konular\u0131n\u0131 ele alan ara\u015ft\u0131rmalar\u0131 yay\u0131mlayan hakemli, akademik bir dergidir. Derginin amac\u0131, uluslararas\u0131 ve disiplinleraras\u0131 \u00f6zg\u00fcn, bilimsel \u00e7al\u0131\u015fmalar i\u00e7in mecra olmak; acil t\u0131p, afet t\u0131bb\u0131 ve halk sa\u011fl\u0131\u011f\u0131 ile ilgili nitelikli tart\u0131\u015fmalar \u00fcretmek [&hellip;]<\/p>\n","protected":false},"author":1,"featured_media":0,"parent":0,"menu_order":0,"comment_status":"closed","ping_status":"closed","template":"","meta":{"_acf_changed":false,"footnotes":""},"class_list":["post-91","page","type-page","status-publish","hentry"],"acf":[],"_links":{"self":[{"href":"https:\/\/trcjm.com\/tr\/wp-json\/wp\/v2\/pages\/91","targetHints":{"allow":["GET"]}}],"collection":[{"href":"https:\/\/trcjm.com\/tr\/wp-json\/wp\/v2\/pages"}],"about":[{"href":"https:\/\/trcjm.com\/tr\/wp-json\/wp\/v2\/types\/page"}],"author":[{"embeddable":true,"href":"https:\/\/trcjm.com\/tr\/wp-json\/wp\/v2\/users\/1"}],"replies":[{"embeddable":true,"href":"https:\/\/trcjm.com\/tr\/wp-json\/wp\/v2\/comments?post=91"}],"version-history":[{"count":3,"href":"https:\/\/trcjm.com\/tr\/wp-json\/wp\/v2\/pages\/91\/revisions"}],"predecessor-version":[{"id":1171,"href":"https:\/\/trcjm.com\/tr\/wp-json\/wp\/v2\/pages\/91\/revisions\/1171"}],"wp:attachment":[{"href":"https:\/\/trcjm.com\/tr\/wp-json\/wp\/v2\/media?parent=91"}],"curies":[{"name":"wp","href":"https:\/\/api.w.org\/{rel}","templated":true}]}}