{"id":93,"date":"2020-11-17T18:28:45","date_gmt":"2020-11-17T15:28:45","guid":{"rendered":"https:\/\/trcjm.com\/?page_id=93"},"modified":"2021-02-24T00:48:29","modified_gmt":"2021-02-23T21:48:29","slug":"iletisim","status":"publish","type":"page","link":"https:\/\/trcjm.com\/tr\/iletisim\/","title":{"rendered":"\u0130leti\u015fim"},"content":{"rendered":"\n<p><strong>Adres<\/strong>:<br>Ata\u00e7-1 Sokak No: 32 Yeni\u015fehir, Ankara 06420 T\u00fcrkiye<\/p>\n\n\n\n<p><strong>Telefon:<\/strong><br><a href=\"tel:+90 312 430 23 00\">+90\u00a0(312) 584-1868<\/a><\/p>\n\n\n\n<p><strong>Edit\u00f6ryal yaz\u0131\u015fma<\/strong>:<br><a rel=\"noreferrer noopener\" href=\"mailto:editor@trcjm.com\" target=\"_blank\">editor@trcjm.com<\/a>&nbsp;&amp;&nbsp;<a rel=\"noreferrer noopener\" href=\"mailto:admin@trcjm.com\" target=\"_blank\">admin@trcjm.com<\/a><\/p>\n","protected":false},"excerpt":{"rendered":"<p>Adres:Ata\u00e7-1 Sokak No: 32 Yeni\u015fehir, Ankara 06420 T\u00fcrkiye Telefon:+90\u00a0(312) 584-1868 Edit\u00f6ryal yaz\u0131\u015fma:editor@trcjm.com&nbsp;&amp;&nbsp;admin@trcjm.com<\/p>\n","protected":false},"author":1,"featured_media":0,"parent":0,"menu_order":0,"comment_status":"closed","ping_status":"closed","template":"","meta":{"_acf_changed":false,"footnotes":""},"class_list":["post-93","page","type-page","status-publish","hentry"],"acf":[],"_links":{"self":[{"href":"https:\/\/trcjm.com\/tr\/wp-json\/wp\/v2\/pages\/93","targetHints":{"allow":["GET"]}}],"collection":[{"href":"https:\/\/trcjm.com\/tr\/wp-json\/wp\/v2\/pages"}],"about":[{"href":"https:\/\/trcjm.com\/tr\/wp-json\/wp\/v2\/types\/page"}],"author":[{"embeddable":true,"href":"https:\/\/trcjm.com\/tr\/wp-json\/wp\/v2\/users\/1"}],"replies":[{"embeddable":true,"href":"https:\/\/trcjm.com\/tr\/wp-json\/wp\/v2\/comments?post=93"}],"version-history":[{"count":1,"href":"https:\/\/trcjm.com\/tr\/wp-json\/wp\/v2\/pages\/93\/revisions"}],"predecessor-version":[{"id":1136,"href":"https:\/\/trcjm.com\/tr\/wp-json\/wp\/v2\/pages\/93\/revisions\/1136"}],"wp:attachment":[{"href":"https:\/\/trcjm.com\/tr\/wp-json\/wp\/v2\/media?parent=93"}],"curies":[{"name":"wp","href":"https:\/\/api.w.org\/{rel}","templated":true}]}}