{"id":95,"date":"2020-11-17T18:29:59","date_gmt":"2020-11-17T15:29:59","guid":{"rendered":"https:\/\/trcjm.com\/?page_id=95"},"modified":"2023-06-24T17:10:04","modified_gmt":"2023-06-24T14:10:04","slug":"editorler","status":"publish","type":"page","link":"https:\/\/trcjm.com\/tr\/editorler\/","title":{"rendered":"Edit\u00f6rler"},"content":{"rendered":"\n<p><strong>Ba\u015f Edit\u00f6rler<\/strong><br>Lukasz Szarpak (Dr.), Maria Sklodowska-Curie Medical Academy, Warszawa, Polonya (<a rel=\"noreferrer noopener\" href=\"mailto:editor@trcjm.com\" target=\"_blank\" data-type=\"mailto\" data-id=\"mailto:editor@trcjm.com\">editor@trcjm.com<\/a>)<br>Kerem K\u0131n\u0131k (Dr.), T\u00fcrkiye K\u0131z\u0131lay Derne\u011fi, Ankara, T\u00fcrkiye (<a rel=\"noreferrer noopener\" href=\"mailto:editor@trcjm.com\" target=\"_blank\" data-type=\"mailto\" data-id=\"mailto:editor@trcjm.com\">editor@trcjm.com<\/a>)<\/p>\n\n\n\n<p><strong>Yard\u0131mc\u0131<\/strong> <strong>Edit\u00f6r<\/strong><br>Adem Ba\u015fp\u0131nar (Dr.), K\u0131rklareli \u00dcniversitesi, T\u00fcrkiye (<a rel=\"noreferrer noopener\" href=\"mailto:admin@trcjdha.com\" target=\"_blank\">admin@<\/a><a rel=\"noreferrer noopener\" href=\"mailto:admin@trcjm.com\" data-type=\"mailto\" data-id=\"mailto:admin@trcjm.com\" target=\"_blank\">trcjm.com<\/a>)<\/p>\n\n\n\n<p><strong>Y\u00f6netici Edit\u00f6r<\/strong><br>Selman Salim Kesgin (Dr.), T\u00fcrkiye K\u0131z\u0131lay Derne\u011fi, Ankara, T\u00fcrkiye (<a rel=\"noreferrer noopener\" href=\"mailto:selman.kesgin@kizilay.org.tr\" target=\"_blank\">selman.kesgin@kizilay.org.tr<\/a>)<\/p>\n\n\n\n<p><strong>\u0130statistik Edit\u00f6rleri<\/strong><br>Raif Cergibozan (Dr.), K\u0131rklareli \u00dcniversitesi, T\u00fcrkiye (<a rel=\"noreferrer noopener\" href=\"mailto:rcergibozan@hotmail.com\" target=\"_blank\">rcergibozan@hotmail.com<\/a>)<br>Mustafa Otrar (Dr.), Milli E\u011fitim Bakanl\u0131\u011f\u0131, Talim ve Terbiye Kurulu, T\u00fcrkiye (<a rel=\"noreferrer noopener\" href=\"mailto:motrar@marmara.edu.tr\" target=\"_blank\">motrar@marmara.edu.tr<\/a>)<\/p>\n\n\n\n<p><strong>Edit\u00f6r Yard\u0131mc\u0131lar\u0131<\/strong><br>Umut \u00dcren (Dr.), K\u0131rklareli \u00dcniversitesi, T\u00fcrkiye (<a rel=\"noreferrer noopener\" href=\"mailto:umuturen@klu.edu.tr\" data-type=\"mailto\" data-id=\"mailto:umuturen@klu.edu.tr\" target=\"_blank\">umuturen@klu.edu.tr<\/a>)<br>Merve G\u00fcnt\u00fcrk\u00fcn, K\u0131rklareli \u00dcniversitesi, T\u00fcrkiye (<a rel=\"noreferrer noopener\" href=\"mailto:admin@trcjm.com\" target=\"_blank\">admin@trcjm.com<\/a>)<\/p>\n\n\n\n<p class=\"has-text-align-left has-vivid-red-color has-text-color has-medium-font-size\"><strong>Alan Edit\u00f6rleri<\/strong><\/p>\n\n\n\n<p><strong>Acil T\u0131p<\/strong><br>Burak Katipo\u011flu (Dr.), Ufuk \u00dcniversitesi, T\u00fcrkiye (<a rel=\"noreferrer noopener\" href=\"mailto:burak.katipoglu@ufuk.edu.tr\" target=\"_blank\">burak.katipoglu@ufuk.edu.tr<\/a>)<br>Togay Evrin (Dr.), Ufuk \u00dcniversitesi, T\u00fcrkiye (<a rel=\"noreferrer noopener\" href=\"mailto:togayevrin@gmail.com\" target=\"_blank\">togayevrin@gmail.com<\/a>)<\/p>\n\n\n\n<p><strong><strong>Afet T\u0131bb\u0131<\/strong><br><\/strong>Kurtulu\u015f A\u00e7\u0131ksar\u0131 (Dr.), \u0130stanbul Medeniyet \u00dcniversitesi, T\u00fcrkiye (<a rel=\"noreferrer noopener\" href=\"mailto:drkurtulus@yahoo.com\" target=\"_blank\">drkurtulus@yahoo.com<\/a>)<\/p>\n\n\n\n<p><strong>Halk Sa\u011fl\u0131\u011f\u0131<\/strong><br>Kerim Hakan Alt\u0131nta\u015f (Dr.), Hacettepe \u00dcniversitesi, T\u00fcrkiye (<a rel=\"noreferrer noopener\" href=\"mailto:hakana@hacettepe.edu.tr\" target=\"_blank\">hakana@hacettepe.edu.tr<\/a>)<\/p>\n\n\n\n<p><\/p>\n\n\n\n<p class=\"has-text-align-left has-vivid-red-color has-text-color has-medium-font-size\"><strong>Uluslararas\u0131 Edit\u00f6r Kurulu<\/strong><\/p>\n\n\n\n<p>Nebil Achour (PhD), Anglia Ruskin University, Cambridge, UK<br>Carl H. Schultz (MD, Professor Emeritus), UC Irvine School of Medicine, CA, USA<br>Luca Ragazzoni (MD, PhD), Universit\u00e0 del Piemonte Orientale, Novara, Italy<br>Kristi L. Koenig&nbsp;(MD), University of California, Irvine, CA, USA<br>Laura Archer,&nbsp;International Federation of Red Cross and Red Crescent Societies,&nbsp;Gen\u00e8ve,&nbsp;Switzerland &nbsp;<\/p>\n\n\n\n<p><br><\/p>\n","protected":false},"excerpt":{"rendered":"<p>Ba\u015f Edit\u00f6rlerLukasz Szarpak (Dr.), Maria Sklodowska-Curie Medical Academy, Warszawa, Polonya (editor@trcjm.com)Kerem K\u0131n\u0131k (Dr.), T\u00fcrkiye K\u0131z\u0131lay Derne\u011fi, Ankara, T\u00fcrkiye (editor@trcjm.com) Yard\u0131mc\u0131 Edit\u00f6rAdem Ba\u015fp\u0131nar (Dr.), K\u0131rklareli \u00dcniversitesi, T\u00fcrkiye (admin@trcjm.com) Y\u00f6netici Edit\u00f6rSelman Salim Kesgin (Dr.), T\u00fcrkiye K\u0131z\u0131lay Derne\u011fi, Ankara, T\u00fcrkiye (selman.kesgin@kizilay.org.tr) \u0130statistik Edit\u00f6rleriRaif Cergibozan (Dr.), K\u0131rklareli \u00dcniversitesi, T\u00fcrkiye (rcergibozan@hotmail.com)Mustafa Otrar (Dr.), Milli E\u011fitim Bakanl\u0131\u011f\u0131, Talim ve Terbiye Kurulu, [&hellip;]<\/p>\n","protected":false},"author":1,"featured_media":0,"parent":0,"menu_order":0,"comment_status":"closed","ping_status":"closed","template":"","meta":{"_acf_changed":false,"footnotes":""},"class_list":["post-95","page","type-page","status-publish","hentry"],"acf":[],"_links":{"self":[{"href":"https:\/\/trcjm.com\/tr\/wp-json\/wp\/v2\/pages\/95","targetHints":{"allow":["GET"]}}],"collection":[{"href":"https:\/\/trcjm.com\/tr\/wp-json\/wp\/v2\/pages"}],"about":[{"href":"https:\/\/trcjm.com\/tr\/wp-json\/wp\/v2\/types\/page"}],"author":[{"embeddable":true,"href":"https:\/\/trcjm.com\/tr\/wp-json\/wp\/v2\/users\/1"}],"replies":[{"embeddable":true,"href":"https:\/\/trcjm.com\/tr\/wp-json\/wp\/v2\/comments?post=95"}],"version-history":[{"count":7,"href":"https:\/\/trcjm.com\/tr\/wp-json\/wp\/v2\/pages\/95\/revisions"}],"predecessor-version":[{"id":1445,"href":"https:\/\/trcjm.com\/tr\/wp-json\/wp\/v2\/pages\/95\/revisions\/1445"}],"wp:attachment":[{"href":"https:\/\/trcjm.com\/tr\/wp-json\/wp\/v2\/media?parent=95"}],"curies":[{"name":"wp","href":"https:\/\/api.w.org\/{rel}","templated":true}]}}