{"id":99,"date":"2020-11-17T18:32:11","date_gmt":"2020-11-17T15:32:11","guid":{"rendered":"https:\/\/trcjm.com\/?page_id=99"},"modified":"2025-10-28T17:00:16","modified_gmt":"2025-10-28T14:00:16","slug":"anasayfa","status":"publish","type":"page","link":"https:\/\/trcjm.com\/tr\/","title":{"rendered":"Anasayfa"},"content":{"rendered":"\n<p><em>TRC Journal of Medicine<\/em>; ba\u011f\u0131ms\u0131z, tarafs\u0131z ve k\u00f6r hakemlik ilkelerine uygun olarak yay\u0131mlanan uluslararas\u0131, bilimsel, a\u00e7\u0131k eri\u015fimli bir dergidir. Dergi, T\u00fcrk K\u0131z\u0131lay&#8217;\u0131n resm\u00ee yay\u0131m\u0131 olup \u00fc\u00e7er ayl\u0131k periyotlarla yay\u0131mlanmaktad\u0131r. Derginin yay\u0131m dili \u0130ngilizcedir. Bununla beraber, yay\u0131mlanan her &nbsp;yaz\u0131n\u0131n T\u00fcrk\u00e7e geni\u015f \u00f6zeti, dergi edit\u00f6ryas\u0131 taraf\u0131ndan haz\u0131rlanmakta ve web sitesinden payla\u015f\u0131lmaktad\u0131r.<\/p>\n\n\n\n<p>Derginin temel amac\u0131; acil t\u0131p, afet t\u0131bb\u0131 ve halk sa\u011fl\u0131\u011f\u0131 ile ili\u015fkili sa\u011fl\u0131k alanlar\u0131nda nitelikli yay\u0131mlar \u00fcreterek bilimsel bir forum olu\u015fturmak; b\u00f6ylece ilgili literat\u00fcre katk\u0131da bulunmakt\u0131r. Dergi ayr\u0131ca, en g\u00fcncel ve \u00f6zg\u00fcn \u00e7al\u0131\u015fmalar\u0131 yay\u0131mlayarak T\u00fcrkiye&#8217;de s\u00f6z konusu alanlarda politikalar\u0131n \u015fekillenmesine katk\u0131da bulunmay\u0131 ama\u00e7lamaktad\u0131r.<\/p>\n\n\n\n<p>Disiplinleraras\u0131 bir dergi olan <em>TRC Journal of Medicine<\/em>; acil t\u0131p, afet t\u0131bb\u0131 ve halk sa\u011fl\u0131\u011f\u0131 ile ili\u015fkili olmak kayd\u0131yla \u00e7e\u015fitli disiplinlerden gelen ba\u015fvurular\u0131 de\u011ferlendirmeye almaktad\u0131r. \u00c7ok disiplinli yakla\u015f\u0131m\u0131yla dergi; ampirik ara\u015ft\u0131rmalar\u0131, de\u011ferlendirmeleri, edit\u00f6ryal notlar\u0131, vaka analizlerini ve tarih\u00ee belgeleri uluslararas\u0131 perspektifle yay\u0131mlamaktad\u0131r.<\/p>\n","protected":false},"excerpt":{"rendered":"<p>TRC Journal of Medicine; ba\u011f\u0131ms\u0131z, tarafs\u0131z ve k\u00f6r hakemlik ilkelerine uygun olarak yay\u0131mlanan uluslararas\u0131, bilimsel, a\u00e7\u0131k eri\u015fimli bir dergidir. Dergi, T\u00fcrk K\u0131z\u0131lay&#8217;\u0131n resm\u00ee yay\u0131m\u0131 olup \u00fc\u00e7er ayl\u0131k periyotlarla yay\u0131mlanmaktad\u0131r. Derginin yay\u0131m dili \u0130ngilizcedir. Bununla beraber, yay\u0131mlanan her &nbsp;yaz\u0131n\u0131n T\u00fcrk\u00e7e geni\u015f \u00f6zeti, dergi edit\u00f6ryas\u0131 taraf\u0131ndan haz\u0131rlanmakta ve web sitesinden payla\u015f\u0131lmaktad\u0131r. Derginin temel amac\u0131; acil t\u0131p, afet [&hellip;]<\/p>\n","protected":false},"author":1,"featured_media":0,"parent":0,"menu_order":0,"comment_status":"closed","ping_status":"closed","template":"page-home.php","meta":{"_acf_changed":false,"footnotes":""},"class_list":["post-99","page","type-page","status-publish","hentry"],"acf":[],"_links":{"self":[{"href":"https:\/\/trcjm.com\/tr\/wp-json\/wp\/v2\/pages\/99","targetHints":{"allow":["GET"]}}],"collection":[{"href":"https:\/\/trcjm.com\/tr\/wp-json\/wp\/v2\/pages"}],"about":[{"href":"https:\/\/trcjm.com\/tr\/wp-json\/wp\/v2\/types\/page"}],"author":[{"embeddable":true,"href":"https:\/\/trcjm.com\/tr\/wp-json\/wp\/v2\/users\/1"}],"replies":[{"embeddable":true,"href":"https:\/\/trcjm.com\/tr\/wp-json\/wp\/v2\/comments?post=99"}],"version-history":[{"count":7,"href":"https:\/\/trcjm.com\/tr\/wp-json\/wp\/v2\/pages\/99\/revisions"}],"predecessor-version":[{"id":1631,"href":"https:\/\/trcjm.com\/tr\/wp-json\/wp\/v2\/pages\/99\/revisions\/1631"}],"wp:attachment":[{"href":"https:\/\/trcjm.com\/tr\/wp-json\/wp\/v2\/media?parent=99"}],"curies":[{"name":"wp","href":"https:\/\/api.w.org\/{rel}","templated":true}]}}